{"id":16376,"date":"2021-02-27T12:39:34","date_gmt":"2021-02-27T11:39:34","guid":{"rendered":"http:\/\/www.re-elektroshop.at\/?product=stahlblechtuere-fuer-1-tuer-schrank-h2000-b1000mm"},"modified":"2021-02-27T12:39:34","modified_gmt":"2021-02-27T11:39:34","slug":"stahlblechtuere-fuer-1-tuer-schrank-h2000-b1000mm","status":"publish","type":"product","link":"https:\/\/www.re-elektroshop.at\/?product=stahlblechtuere-fuer-1-tuer-schrank-h2000-b1000mm","title":{"rendered":"Stahlblecht\u00fcre f\u00fcr 1-T\u00fcr Schrank, H=2000 B=1000mm"},"content":{"rendered":"<p>ACBT2010&#8211;<\/p>\n<p>Stahlblecht\u00fcren RAL7035Zubeh\u00f6r f\u00fcr Anreihschr\u00e4nke AC<\/p>\n","protected":false},"excerpt":{"rendered":"<p>ACBT2010&#8211; Stahlblecht\u00fcren RAL7035Zubeh\u00f6r f\u00fcr Anreihschr\u00e4nke AC<\/p>\n","protected":false},"featured_media":16377,"comment_status":"closed","ping_status":"open","template":"","meta":[],"_links":{"self":[{"href":"https:\/\/www.re-elektroshop.at\/index.php?rest_route=\/wp\/v2\/product\/16376"}],"collection":[{"href":"https:\/\/www.re-elektroshop.at\/index.php?rest_route=\/wp\/v2\/product"}],"about":[{"href":"https:\/\/www.re-elektroshop.at\/index.php?rest_route=\/wp\/v2\/types\/product"}],"replies":[{"embeddable":true,"href":"https:\/\/www.re-elektroshop.at\/index.php?rest_route=%2Fwp%2Fv2%2Fcomments&post=16376"}],"wp:featuredmedia":[{"embeddable":true,"href":"https:\/\/www.re-elektroshop.at\/index.php?rest_route=\/wp\/v2\/media\/16377"}],"wp:attachment":[{"href":"https:\/\/www.re-elektroshop.at\/index.php?rest_route=%2Fwp%2Fv2%2Fmedia&parent=16376"}],"curies":[{"name":"wp","href":"https:\/\/api.w.org\/{rel}","templated":true}]}}