{"id":16462,"date":"2021-02-27T12:41:24","date_gmt":"2021-02-27T11:41:24","guid":{"rendered":"http:\/\/www.re-elektroshop.at\/?product=schaltplantasche-fuer-1000mm-breite-schraenke-stahlblech"},"modified":"2021-02-27T12:41:24","modified_gmt":"2021-02-27T11:41:24","slug":"schaltplantasche-fuer-1000mm-breite-schraenke-stahlblech","status":"publish","type":"product","link":"https:\/\/www.re-elektroshop.at\/?product=schaltplantasche-fuer-1000mm-breite-schraenke-stahlblech","title":{"rendered":"Schaltplantasche f\u00fcr 1000mm breite Schr\u00e4nke, Stahlblech"},"content":{"rendered":"<p>ACDRA100&#8211;<\/p>\n<p>SchaltplantaschenZubeh\u00f6r f\u00fcr Anreihschr\u00e4nke AC<\/p>\n","protected":false},"excerpt":{"rendered":"<p>ACDRA100&#8211; SchaltplantaschenZubeh\u00f6r f\u00fcr Anreihschr\u00e4nke AC<\/p>\n","protected":false},"featured_media":16463,"comment_status":"closed","ping_status":"open","template":"","meta":[],"_links":{"self":[{"href":"https:\/\/www.re-elektroshop.at\/index.php?rest_route=\/wp\/v2\/product\/16462"}],"collection":[{"href":"https:\/\/www.re-elektroshop.at\/index.php?rest_route=\/wp\/v2\/product"}],"about":[{"href":"https:\/\/www.re-elektroshop.at\/index.php?rest_route=\/wp\/v2\/types\/product"}],"replies":[{"embeddable":true,"href":"https:\/\/www.re-elektroshop.at\/index.php?rest_route=%2Fwp%2Fv2%2Fcomments&post=16462"}],"wp:featuredmedia":[{"embeddable":true,"href":"https:\/\/www.re-elektroshop.at\/index.php?rest_route=\/wp\/v2\/media\/16463"}],"wp:attachment":[{"href":"https:\/\/www.re-elektroshop.at\/index.php?rest_route=%2Fwp%2Fv2%2Fmedia&parent=16462"}],"curies":[{"name":"wp","href":"https:\/\/api.w.org\/{rel}","templated":true}]}}