{"id":16464,"date":"2021-02-27T12:41:26","date_gmt":"2021-02-27T11:41:26","guid":{"rendered":"http:\/\/www.re-elektroshop.at\/?product=tuerkontaktschalter-kunststoff-ip65"},"modified":"2021-02-27T12:41:26","modified_gmt":"2021-02-27T11:41:26","slug":"tuerkontaktschalter-kunststoff-ip65","status":"publish","type":"product","link":"https:\/\/www.re-elektroshop.at\/?product=tuerkontaktschalter-kunststoff-ip65","title":{"rendered":"T\u00fcrkontaktschalter Kunststoff IP65"},"content":{"rendered":"<p>ACDSW010&#8211;<\/p>\n<p>T\u00fcrkontaktschalterZubeh\u00f6r f\u00fcr Anreihschr\u00e4nke AC<\/p>\n","protected":false},"excerpt":{"rendered":"<p>ACDSW010&#8211; T\u00fcrkontaktschalterZubeh\u00f6r f\u00fcr Anreihschr\u00e4nke AC<\/p>\n","protected":false},"featured_media":16465,"comment_status":"closed","ping_status":"open","template":"","meta":[],"_links":{"self":[{"href":"https:\/\/www.re-elektroshop.at\/index.php?rest_route=\/wp\/v2\/product\/16464"}],"collection":[{"href":"https:\/\/www.re-elektroshop.at\/index.php?rest_route=\/wp\/v2\/product"}],"about":[{"href":"https:\/\/www.re-elektroshop.at\/index.php?rest_route=\/wp\/v2\/types\/product"}],"replies":[{"embeddable":true,"href":"https:\/\/www.re-elektroshop.at\/index.php?rest_route=%2Fwp%2Fv2%2Fcomments&post=16464"}],"wp:featuredmedia":[{"embeddable":true,"href":"https:\/\/www.re-elektroshop.at\/index.php?rest_route=\/wp\/v2\/media\/16465"}],"wp:attachment":[{"href":"https:\/\/www.re-elektroshop.at\/index.php?rest_route=%2Fwp%2Fv2%2Fmedia&parent=16464"}],"curies":[{"name":"wp","href":"https:\/\/api.w.org\/{rel}","templated":true}]}}