{"id":16494,"date":"2021-02-27T12:42:00","date_gmt":"2021-02-27T11:42:00","guid":{"rendered":"http:\/\/www.re-elektroshop.at\/?product=ueberbrueckungsbuegel-fuer-zaehleranschlussklemme-zk50"},"modified":"2021-02-27T12:42:00","modified_gmt":"2021-02-27T11:42:00","slug":"ueberbrueckungsbuegel-fuer-zaehleranschlussklemme-zk50","status":"publish","type":"product","link":"https:\/\/www.re-elektroshop.at\/?product=ueberbrueckungsbuegel-fuer-zaehleranschlussklemme-zk50","title":{"rendered":"\u00dcberbr\u00fcckungsb\u00fcgel f\u00fcr Z\u00e4hleranschlussklemme ZK50"},"content":{"rendered":"<p>IG796410&#8211;<\/p>\n<p>Elsta MosdorferVerteiler lokale EVUs<\/p>\n","protected":false},"excerpt":{"rendered":"<p>IG796410&#8211; Elsta MosdorferVerteiler lokale EVUs<\/p>\n","protected":false},"featured_media":16495,"comment_status":"closed","ping_status":"open","template":"","meta":[],"_links":{"self":[{"href":"https:\/\/www.re-elektroshop.at\/index.php?rest_route=\/wp\/v2\/product\/16494"}],"collection":[{"href":"https:\/\/www.re-elektroshop.at\/index.php?rest_route=\/wp\/v2\/product"}],"about":[{"href":"https:\/\/www.re-elektroshop.at\/index.php?rest_route=\/wp\/v2\/types\/product"}],"replies":[{"embeddable":true,"href":"https:\/\/www.re-elektroshop.at\/index.php?rest_route=%2Fwp%2Fv2%2Fcomments&post=16494"}],"wp:featuredmedia":[{"embeddable":true,"href":"https:\/\/www.re-elektroshop.at\/index.php?rest_route=\/wp\/v2\/media\/16495"}],"wp:attachment":[{"href":"https:\/\/www.re-elektroshop.at\/index.php?rest_route=%2Fwp%2Fv2%2Fmedia&parent=16494"}],"curies":[{"name":"wp","href":"https:\/\/api.w.org\/{rel}","templated":true}]}}