{"id":16522,"date":"2021-02-27T12:42:43","date_gmt":"2021-02-27T11:42:43","guid":{"rendered":"http:\/\/www.re-elektroshop.at\/?product=glastuere-fuer-1-tuer-schrank-h2000-b600mm"},"modified":"2021-02-27T12:42:43","modified_gmt":"2021-02-27T11:42:43","slug":"glastuere-fuer-1-tuer-schrank-h2000-b600mm","status":"publish","type":"product","link":"https:\/\/www.re-elektroshop.at\/?product=glastuere-fuer-1-tuer-schrank-h2000-b600mm","title":{"rendered":"Glast\u00fcre f\u00fcr 1-T\u00fcr Schrank, H=2000 B=600mm"},"content":{"rendered":"<p>ACKG2006&#8211;<\/p>\n<p>Sichtt\u00fcrenZubeh\u00f6r f\u00fcr Anreihschr\u00e4nke AC<\/p>\n","protected":false},"excerpt":{"rendered":"<p>ACKG2006&#8211; Sichtt\u00fcrenZubeh\u00f6r f\u00fcr Anreihschr\u00e4nke AC<\/p>\n","protected":false},"featured_media":16523,"comment_status":"closed","ping_status":"open","template":"","meta":[],"_links":{"self":[{"href":"https:\/\/www.re-elektroshop.at\/index.php?rest_route=\/wp\/v2\/product\/16522"}],"collection":[{"href":"https:\/\/www.re-elektroshop.at\/index.php?rest_route=\/wp\/v2\/product"}],"about":[{"href":"https:\/\/www.re-elektroshop.at\/index.php?rest_route=\/wp\/v2\/types\/product"}],"replies":[{"embeddable":true,"href":"https:\/\/www.re-elektroshop.at\/index.php?rest_route=%2Fwp%2Fv2%2Fcomments&post=16522"}],"wp:featuredmedia":[{"embeddable":true,"href":"https:\/\/www.re-elektroshop.at\/index.php?rest_route=\/wp\/v2\/media\/16523"}],"wp:attachment":[{"href":"https:\/\/www.re-elektroshop.at\/index.php?rest_route=%2Fwp%2Fv2%2Fmedia&parent=16522"}],"curies":[{"name":"wp","href":"https:\/\/api.w.org\/{rel}","templated":true}]}}