{"id":16524,"date":"2021-02-27T12:42:48","date_gmt":"2021-02-27T11:42:48","guid":{"rendered":"http:\/\/www.re-elektroshop.at\/?product=glastuere-links-fuer-2-tuer-schrank-h2000-b600mm"},"modified":"2021-02-27T12:42:48","modified_gmt":"2021-02-27T11:42:48","slug":"glastuere-links-fuer-2-tuer-schrank-h2000-b600mm","status":"publish","type":"product","link":"https:\/\/www.re-elektroshop.at\/?product=glastuere-links-fuer-2-tuer-schrank-h2000-b600mm","title":{"rendered":"Glast\u00fcre links f\u00fcr 2-T\u00fcr Schrank, H=2000 B=600mm"},"content":{"rendered":"<p>ACKG2006L5<\/p>\n<p>Sichtt\u00fcrenZubeh\u00f6r f\u00fcr Anreihschr\u00e4nke AC<\/p>\n","protected":false},"excerpt":{"rendered":"<p>ACKG2006L5 Sichtt\u00fcrenZubeh\u00f6r f\u00fcr Anreihschr\u00e4nke AC<\/p>\n","protected":false},"featured_media":16525,"comment_status":"closed","ping_status":"open","template":"","meta":[],"_links":{"self":[{"href":"https:\/\/www.re-elektroshop.at\/index.php?rest_route=\/wp\/v2\/product\/16524"}],"collection":[{"href":"https:\/\/www.re-elektroshop.at\/index.php?rest_route=\/wp\/v2\/product"}],"about":[{"href":"https:\/\/www.re-elektroshop.at\/index.php?rest_route=\/wp\/v2\/types\/product"}],"replies":[{"embeddable":true,"href":"https:\/\/www.re-elektroshop.at\/index.php?rest_route=%2Fwp%2Fv2%2Fcomments&post=16524"}],"wp:featuredmedia":[{"embeddable":true,"href":"https:\/\/www.re-elektroshop.at\/index.php?rest_route=\/wp\/v2\/media\/16525"}],"wp:attachment":[{"href":"https:\/\/www.re-elektroshop.at\/index.php?rest_route=%2Fwp%2Fv2%2Fmedia&parent=16524"}],"curies":[{"name":"wp","href":"https:\/\/api.w.org\/{rel}","templated":true}]}}