{"id":16526,"date":"2021-02-27T12:42:50","date_gmt":"2021-02-27T11:42:50","guid":{"rendered":"http:\/\/www.re-elektroshop.at\/?product=glastuere-rechts-fuer-2-tuer-schrank-h2000-b600mm"},"modified":"2021-02-27T12:42:50","modified_gmt":"2021-02-27T11:42:50","slug":"glastuere-rechts-fuer-2-tuer-schrank-h2000-b600mm","status":"publish","type":"product","link":"https:\/\/www.re-elektroshop.at\/?product=glastuere-rechts-fuer-2-tuer-schrank-h2000-b600mm","title":{"rendered":"Glast\u00fcre rechts f\u00fcr 2-T\u00fcr Schrank, H=2000 B=600mm"},"content":{"rendered":"<p>ACKG2006R5<\/p>\n<p>Sichtt\u00fcrenZubeh\u00f6r f\u00fcr Anreihschr\u00e4nke AC<\/p>\n","protected":false},"excerpt":{"rendered":"<p>ACKG2006R5 Sichtt\u00fcrenZubeh\u00f6r f\u00fcr Anreihschr\u00e4nke AC<\/p>\n","protected":false},"featured_media":16527,"comment_status":"closed","ping_status":"open","template":"","meta":[],"_links":{"self":[{"href":"https:\/\/www.re-elektroshop.at\/index.php?rest_route=\/wp\/v2\/product\/16526"}],"collection":[{"href":"https:\/\/www.re-elektroshop.at\/index.php?rest_route=\/wp\/v2\/product"}],"about":[{"href":"https:\/\/www.re-elektroshop.at\/index.php?rest_route=\/wp\/v2\/types\/product"}],"replies":[{"embeddable":true,"href":"https:\/\/www.re-elektroshop.at\/index.php?rest_route=%2Fwp%2Fv2%2Fcomments&post=16526"}],"wp:featuredmedia":[{"embeddable":true,"href":"https:\/\/www.re-elektroshop.at\/index.php?rest_route=\/wp\/v2\/media\/16527"}],"wp:attachment":[{"href":"https:\/\/www.re-elektroshop.at\/index.php?rest_route=%2Fwp%2Fv2%2Fmedia&parent=16526"}],"curies":[{"name":"wp","href":"https:\/\/api.w.org\/{rel}","templated":true}]}}