{"id":16567,"date":"2021-02-27T12:43:46","date_gmt":"2021-02-27T11:43:46","guid":{"rendered":"http:\/\/www.re-elektroshop.at\/?product=kipphebel-mit-federarretierung-und-einsatz-5mm-doppelbart"},"modified":"2021-02-27T12:43:46","modified_gmt":"2021-02-27T11:43:46","slug":"kipphebel-mit-federarretierung-und-einsatz-5mm-doppelbart","status":"publish","type":"product","link":"https:\/\/www.re-elektroshop.at\/?product=kipphebel-mit-federarretierung-und-einsatz-5mm-doppelbart","title":{"rendered":"Kipphebel mit Federarretierung und Einsatz 5mm Doppelbart"},"content":{"rendered":"<p>ACLSC501&#8211;<\/p>\n<p>Schlosseins\u00e4tzeZubeh\u00f6r f\u00fcr Anreihschr\u00e4nke AC<\/p>\n","protected":false},"excerpt":{"rendered":"<p>ACLSC501&#8211; Schlosseins\u00e4tzeZubeh\u00f6r f\u00fcr Anreihschr\u00e4nke AC<\/p>\n","protected":false},"featured_media":16568,"comment_status":"closed","ping_status":"open","template":"","meta":[],"_links":{"self":[{"href":"https:\/\/www.re-elektroshop.at\/index.php?rest_route=\/wp\/v2\/product\/16567"}],"collection":[{"href":"https:\/\/www.re-elektroshop.at\/index.php?rest_route=\/wp\/v2\/product"}],"about":[{"href":"https:\/\/www.re-elektroshop.at\/index.php?rest_route=\/wp\/v2\/types\/product"}],"replies":[{"embeddable":true,"href":"https:\/\/www.re-elektroshop.at\/index.php?rest_route=%2Fwp%2Fv2%2Fcomments&post=16567"}],"wp:featuredmedia":[{"embeddable":true,"href":"https:\/\/www.re-elektroshop.at\/index.php?rest_route=\/wp\/v2\/media\/16568"}],"wp:attachment":[{"href":"https:\/\/www.re-elektroshop.at\/index.php?rest_route=%2Fwp%2Fv2%2Fmedia&parent=16567"}],"curies":[{"name":"wp","href":"https:\/\/api.w.org\/{rel}","templated":true}]}}