{"id":16579,"date":"2021-02-27T12:43:57","date_gmt":"2021-02-27T11:43:57","guid":{"rendered":"http:\/\/www.re-elektroshop.at\/?product=kipphebel-in-schwarz-mit-federarretierung-ohne-einsatz"},"modified":"2021-02-27T12:43:57","modified_gmt":"2021-02-27T11:43:57","slug":"kipphebel-in-schwarz-mit-federarretierung-ohne-einsatz","status":"publish","type":"product","link":"https:\/\/www.re-elektroshop.at\/?product=kipphebel-in-schwarz-mit-federarretierung-ohne-einsatz","title":{"rendered":"Kipphebel in Schwarz, mit Federarretierung, ohne Einsatz"},"content":{"rendered":"<p>ACLSC502&#8211;<\/p>\n<p>Schlosseins\u00e4tzeZubeh\u00f6r f\u00fcr Anreihschr\u00e4nke AC<\/p>\n","protected":false},"excerpt":{"rendered":"<p>ACLSC502&#8211; Schlosseins\u00e4tzeZubeh\u00f6r f\u00fcr Anreihschr\u00e4nke AC<\/p>\n","protected":false},"featured_media":16580,"comment_status":"closed","ping_status":"open","template":"","meta":[],"_links":{"self":[{"href":"https:\/\/www.re-elektroshop.at\/index.php?rest_route=\/wp\/v2\/product\/16579"}],"collection":[{"href":"https:\/\/www.re-elektroshop.at\/index.php?rest_route=\/wp\/v2\/product"}],"about":[{"href":"https:\/\/www.re-elektroshop.at\/index.php?rest_route=\/wp\/v2\/types\/product"}],"replies":[{"embeddable":true,"href":"https:\/\/www.re-elektroshop.at\/index.php?rest_route=%2Fwp%2Fv2%2Fcomments&post=16579"}],"wp:featuredmedia":[{"embeddable":true,"href":"https:\/\/www.re-elektroshop.at\/index.php?rest_route=\/wp\/v2\/media\/16580"}],"wp:attachment":[{"href":"https:\/\/www.re-elektroshop.at\/index.php?rest_route=%2Fwp%2Fv2%2Fmedia&parent=16579"}],"curies":[{"name":"wp","href":"https:\/\/api.w.org\/{rel}","templated":true}]}}