{"id":16682,"date":"2021-02-27T12:47:53","date_gmt":"2021-02-27T11:47:53","guid":{"rendered":"http:\/\/www.re-elektroshop.at\/?product=sockel-breitenteile-paar-b800-h200mm-stahlblech-ral9005"},"modified":"2021-02-27T12:47:53","modified_gmt":"2021-02-27T11:47:53","slug":"sockel-breitenteile-paar-b800-h200mm-stahlblech-ral9005","status":"publish","type":"product","link":"https:\/\/www.re-elektroshop.at\/?product=sockel-breitenteile-paar-b800-h200mm-stahlblech-ral9005","title":{"rendered":"Sockel Breitenteile (Paar) B=800 H=200mm Stahlblech RAL9005"},"content":{"rendered":"<p>ACSOB082&#8211;<\/p>\n<p>SockelZubeh\u00f6r f\u00fcr Anreihschr\u00e4nke AC<\/p>\n","protected":false},"excerpt":{"rendered":"<p>ACSOB082&#8211; SockelZubeh\u00f6r f\u00fcr Anreihschr\u00e4nke AC<\/p>\n","protected":false},"featured_media":16683,"comment_status":"closed","ping_status":"open","template":"","meta":[],"_links":{"self":[{"href":"https:\/\/www.re-elektroshop.at\/index.php?rest_route=\/wp\/v2\/product\/16682"}],"collection":[{"href":"https:\/\/www.re-elektroshop.at\/index.php?rest_route=\/wp\/v2\/product"}],"about":[{"href":"https:\/\/www.re-elektroshop.at\/index.php?rest_route=\/wp\/v2\/types\/product"}],"replies":[{"embeddable":true,"href":"https:\/\/www.re-elektroshop.at\/index.php?rest_route=%2Fwp%2Fv2%2Fcomments&post=16682"}],"wp:featuredmedia":[{"embeddable":true,"href":"https:\/\/www.re-elektroshop.at\/index.php?rest_route=\/wp\/v2\/media\/16683"}],"wp:attachment":[{"href":"https:\/\/www.re-elektroshop.at\/index.php?rest_route=%2Fwp%2Fv2%2Fmedia&parent=16682"}],"curies":[{"name":"wp","href":"https:\/\/api.w.org\/{rel}","templated":true}]}}