{"id":16815,"date":"2021-02-27T12:51:57","date_gmt":"2021-02-27T11:51:57","guid":{"rendered":"http:\/\/www.re-elektroshop.at\/?product=sockel-breitenteile-paar-b1600-h100mm-stahlblech-ral9005"},"modified":"2021-02-27T12:51:57","modified_gmt":"2021-02-27T11:51:57","slug":"sockel-breitenteile-paar-b1600-h100mm-stahlblech-ral9005","status":"publish","type":"product","link":"https:\/\/www.re-elektroshop.at\/?product=sockel-breitenteile-paar-b1600-h100mm-stahlblech-ral9005","title":{"rendered":"Sockel Breitenteile (Paar) B=1600 H=100mm Stahlblech RAL9005"},"content":{"rendered":"<p>ACSOB161&#8211;<\/p>\n<p>SockelZubeh\u00f6r f\u00fcr Kompaktschr\u00e4nke KC<\/p>\n","protected":false},"excerpt":{"rendered":"<p>ACSOB161&#8211; SockelZubeh\u00f6r f\u00fcr Kompaktschr\u00e4nke KC<\/p>\n","protected":false},"featured_media":16816,"comment_status":"closed","ping_status":"open","template":"","meta":[],"_links":{"self":[{"href":"https:\/\/www.re-elektroshop.at\/index.php?rest_route=\/wp\/v2\/product\/16815"}],"collection":[{"href":"https:\/\/www.re-elektroshop.at\/index.php?rest_route=\/wp\/v2\/product"}],"about":[{"href":"https:\/\/www.re-elektroshop.at\/index.php?rest_route=\/wp\/v2\/types\/product"}],"replies":[{"embeddable":true,"href":"https:\/\/www.re-elektroshop.at\/index.php?rest_route=%2Fwp%2Fv2%2Fcomments&post=16815"}],"wp:featuredmedia":[{"embeddable":true,"href":"https:\/\/www.re-elektroshop.at\/index.php?rest_route=\/wp\/v2\/media\/16816"}],"wp:attachment":[{"href":"https:\/\/www.re-elektroshop.at\/index.php?rest_route=%2Fwp%2Fv2%2Fmedia&parent=16815"}],"curies":[{"name":"wp","href":"https:\/\/api.w.org\/{rel}","templated":true}]}}