{"id":16858,"date":"2021-02-27T12:53:12","date_gmt":"2021-02-27T11:53:12","guid":{"rendered":"http:\/\/www.re-elektroshop.at\/?product=wdvs-stahlblech-rahmen-netz-noe-fuer-kuek-stecktuere-verputzbar"},"modified":"2021-02-27T12:53:12","modified_gmt":"2021-02-27T11:53:12","slug":"wdvs-stahlblech-rahmen-netz-noe-fuer-kuek-stecktuere-verputzbar","status":"publish","type":"product","link":"https:\/\/www.re-elektroshop.at\/?product=wdvs-stahlblech-rahmen-netz-noe-fuer-kuek-stecktuere-verputzbar","title":{"rendered":"WDVS Stahlblech Rahmen Netz N\u00d6 f\u00fcr K\u00dcK, Steckt\u00fcre verputzbar"},"content":{"rendered":"<p>IG796434&#8211;<\/p>\n<p>Elsta MosdorferVerteiler lokale EVUs<\/p>\n","protected":false},"excerpt":{"rendered":"<p>IG796434&#8211; Elsta MosdorferVerteiler lokale EVUs<\/p>\n","protected":false},"featured_media":16859,"comment_status":"closed","ping_status":"open","template":"","meta":[],"_links":{"self":[{"href":"https:\/\/www.re-elektroshop.at\/index.php?rest_route=\/wp\/v2\/product\/16858"}],"collection":[{"href":"https:\/\/www.re-elektroshop.at\/index.php?rest_route=\/wp\/v2\/product"}],"about":[{"href":"https:\/\/www.re-elektroshop.at\/index.php?rest_route=\/wp\/v2\/types\/product"}],"replies":[{"embeddable":true,"href":"https:\/\/www.re-elektroshop.at\/index.php?rest_route=%2Fwp%2Fv2%2Fcomments&post=16858"}],"wp:featuredmedia":[{"embeddable":true,"href":"https:\/\/www.re-elektroshop.at\/index.php?rest_route=\/wp\/v2\/media\/16859"}],"wp:attachment":[{"href":"https:\/\/www.re-elektroshop.at\/index.php?rest_route=%2Fwp%2Fv2%2Fmedia&parent=16858"}],"curies":[{"name":"wp","href":"https:\/\/api.w.org\/{rel}","templated":true}]}}