{"id":16930,"date":"2021-02-27T12:54:53","date_gmt":"2021-02-27T11:54:53","guid":{"rendered":"http:\/\/www.re-elektroshop.at\/?product=sockel-tiefenteile-paar-inklusive-eckteile-t300-h200mm"},"modified":"2021-02-27T12:54:53","modified_gmt":"2021-02-27T11:54:53","slug":"sockel-tiefenteile-paar-inklusive-eckteile-t300-h200mm","status":"publish","type":"product","link":"https:\/\/www.re-elektroshop.at\/?product=sockel-tiefenteile-paar-inklusive-eckteile-t300-h200mm","title":{"rendered":"Sockel Tiefenteile (Paar) inklusive Eckteile T=300 H=200mm"},"content":{"rendered":"<p>ACSOT032&#8211;<\/p>\n<p>SockelZubeh\u00f6r f\u00fcr Kompaktschr\u00e4nke KC<\/p>\n","protected":false},"excerpt":{"rendered":"<p>ACSOT032&#8211; SockelZubeh\u00f6r f\u00fcr Kompaktschr\u00e4nke KC<\/p>\n","protected":false},"featured_media":16931,"comment_status":"closed","ping_status":"open","template":"","meta":[],"_links":{"self":[{"href":"https:\/\/www.re-elektroshop.at\/index.php?rest_route=\/wp\/v2\/product\/16930"}],"collection":[{"href":"https:\/\/www.re-elektroshop.at\/index.php?rest_route=\/wp\/v2\/product"}],"about":[{"href":"https:\/\/www.re-elektroshop.at\/index.php?rest_route=\/wp\/v2\/types\/product"}],"replies":[{"embeddable":true,"href":"https:\/\/www.re-elektroshop.at\/index.php?rest_route=%2Fwp%2Fv2%2Fcomments&post=16930"}],"wp:featuredmedia":[{"embeddable":true,"href":"https:\/\/www.re-elektroshop.at\/index.php?rest_route=\/wp\/v2\/media\/16931"}],"wp:attachment":[{"href":"https:\/\/www.re-elektroshop.at\/index.php?rest_route=%2Fwp%2Fv2%2Fmedia&parent=16930"}],"curies":[{"name":"wp","href":"https:\/\/api.w.org\/{rel}","templated":true}]}}