{"id":17174,"date":"2021-02-27T13:01:24","date_gmt":"2021-02-27T12:01:24","guid":{"rendered":"http:\/\/www.re-elektroshop.at\/?product=luefter1xventilatorkabelschalterfiltergitter-dwxx6050-60"},"modified":"2021-02-27T13:01:24","modified_gmt":"2021-02-27T12:01:24","slug":"luefter1xventilatorkabelschalterfiltergitter-dwxx6050-60","status":"publish","type":"product","link":"https:\/\/www.re-elektroshop.at\/?product=luefter1xventilatorkabelschalterfiltergitter-dwxx6050-60","title":{"rendered":"L\u00fcfter,1xVentilator,Kabel+Schalter,Filter+Gitter DWxx6050\/60"},"content":{"rendered":"<p>DLT12121&#8211;<\/p>\n<p>Zubeh\u00f6rNetzwerk-Wandschr\u00e4nke Monoblock mit abnehmbaren Seitenw\u00e4nden IP30<\/p>\n","protected":false},"excerpt":{"rendered":"<p>DLT12121&#8211; Zubeh\u00f6rNetzwerk-Wandschr\u00e4nke Monoblock mit abnehmbaren Seitenw\u00e4nden IP30<\/p>\n","protected":false},"featured_media":17175,"comment_status":"closed","ping_status":"open","template":"","meta":[],"_links":{"self":[{"href":"https:\/\/www.re-elektroshop.at\/index.php?rest_route=\/wp\/v2\/product\/17174"}],"collection":[{"href":"https:\/\/www.re-elektroshop.at\/index.php?rest_route=\/wp\/v2\/product"}],"about":[{"href":"https:\/\/www.re-elektroshop.at\/index.php?rest_route=\/wp\/v2\/types\/product"}],"replies":[{"embeddable":true,"href":"https:\/\/www.re-elektroshop.at\/index.php?rest_route=%2Fwp%2Fv2%2Fcomments&post=17174"}],"wp:featuredmedia":[{"embeddable":true,"href":"https:\/\/www.re-elektroshop.at\/index.php?rest_route=\/wp\/v2\/media\/17175"}],"wp:attachment":[{"href":"https:\/\/www.re-elektroshop.at\/index.php?rest_route=%2Fwp%2Fv2%2Fmedia&parent=17174"}],"curies":[{"name":"wp","href":"https:\/\/api.w.org\/{rel}","templated":true}]}}