{"id":17267,"date":"2021-02-27T13:04:19","date_gmt":"2021-02-27T12:04:19","guid":{"rendered":"http:\/\/www.re-elektroshop.at\/?product=sockel-tiefenteile-paar-inklusive-eckteile-t600-h100mm"},"modified":"2021-02-27T13:04:19","modified_gmt":"2021-02-27T12:04:19","slug":"sockel-tiefenteile-paar-inklusive-eckteile-t600-h100mm","status":"publish","type":"product","link":"https:\/\/www.re-elektroshop.at\/?product=sockel-tiefenteile-paar-inklusive-eckteile-t600-h100mm","title":{"rendered":"Sockel Tiefenteile (Paar) inklusive Eckteile T=600 H=100mm"},"content":{"rendered":"<p>ACSOT061&#8211;<\/p>\n<p>SockelZubeh\u00f6r f\u00fcr Anreihschr\u00e4nke AC<\/p>\n","protected":false},"excerpt":{"rendered":"<p>ACSOT061&#8211; SockelZubeh\u00f6r f\u00fcr Anreihschr\u00e4nke AC<\/p>\n","protected":false},"featured_media":17268,"comment_status":"closed","ping_status":"open","template":"","meta":[],"_links":{"self":[{"href":"https:\/\/www.re-elektroshop.at\/index.php?rest_route=\/wp\/v2\/product\/17267"}],"collection":[{"href":"https:\/\/www.re-elektroshop.at\/index.php?rest_route=\/wp\/v2\/product"}],"about":[{"href":"https:\/\/www.re-elektroshop.at\/index.php?rest_route=\/wp\/v2\/types\/product"}],"replies":[{"embeddable":true,"href":"https:\/\/www.re-elektroshop.at\/index.php?rest_route=%2Fwp%2Fv2%2Fcomments&post=17267"}],"wp:featuredmedia":[{"embeddable":true,"href":"https:\/\/www.re-elektroshop.at\/index.php?rest_route=\/wp\/v2\/media\/17268"}],"wp:attachment":[{"href":"https:\/\/www.re-elektroshop.at\/index.php?rest_route=%2Fwp%2Fv2%2Fmedia&parent=17267"}],"curies":[{"name":"wp","href":"https:\/\/api.w.org\/{rel}","templated":true}]}}