{"id":17269,"date":"2021-02-27T13:04:24","date_gmt":"2021-02-27T12:04:24","guid":{"rendered":"http:\/\/www.re-elektroshop.at\/?product=sockel-tiefenteile-paar-inklusive-eckteile-t600-h200mm"},"modified":"2021-02-27T13:04:24","modified_gmt":"2021-02-27T12:04:24","slug":"sockel-tiefenteile-paar-inklusive-eckteile-t600-h200mm","status":"publish","type":"product","link":"https:\/\/www.re-elektroshop.at\/?product=sockel-tiefenteile-paar-inklusive-eckteile-t600-h200mm","title":{"rendered":"Sockel Tiefenteile (Paar) inklusive Eckteile T=600 H=200mm"},"content":{"rendered":"<p>ACSOT062&#8211;<\/p>\n<p>SockelZubeh\u00f6r f\u00fcr Anreihschr\u00e4nke AC<\/p>\n","protected":false},"excerpt":{"rendered":"<p>ACSOT062&#8211; SockelZubeh\u00f6r f\u00fcr Anreihschr\u00e4nke AC<\/p>\n","protected":false},"featured_media":17270,"comment_status":"closed","ping_status":"open","template":"","meta":[],"_links":{"self":[{"href":"https:\/\/www.re-elektroshop.at\/index.php?rest_route=\/wp\/v2\/product\/17269"}],"collection":[{"href":"https:\/\/www.re-elektroshop.at\/index.php?rest_route=\/wp\/v2\/product"}],"about":[{"href":"https:\/\/www.re-elektroshop.at\/index.php?rest_route=\/wp\/v2\/types\/product"}],"replies":[{"embeddable":true,"href":"https:\/\/www.re-elektroshop.at\/index.php?rest_route=%2Fwp%2Fv2%2Fcomments&post=17269"}],"wp:featuredmedia":[{"embeddable":true,"href":"https:\/\/www.re-elektroshop.at\/index.php?rest_route=\/wp\/v2\/media\/17270"}],"wp:attachment":[{"href":"https:\/\/www.re-elektroshop.at\/index.php?rest_route=%2Fwp%2Fv2%2Fmedia&parent=17269"}],"curies":[{"name":"wp","href":"https:\/\/api.w.org\/{rel}","templated":true}]}}