{"id":17286,"date":"2021-02-27T13:05:06","date_gmt":"2021-02-27T12:05:06","guid":{"rendered":"http:\/\/www.re-elektroshop.at\/?product=seitenwaende-paar-h1800-t400mm-stahlblech-ral7035"},"modified":"2021-02-27T13:05:06","modified_gmt":"2021-02-27T12:05:06","slug":"seitenwaende-paar-h1800-t400mm-stahlblech-ral7035","status":"publish","type":"product","link":"https:\/\/www.re-elektroshop.at\/?product=seitenwaende-paar-h1800-t400mm-stahlblech-ral7035","title":{"rendered":"Seitenw\u00e4nde (Paar) H=1800 T=400mm Stahlblech RAL7035"},"content":{"rendered":"<p>ACSW1804&#8211;<\/p>\n<p>Seitenw\u00e4ndeZubeh\u00f6r f\u00fcr Anreihschr\u00e4nke AC<\/p>\n","protected":false},"excerpt":{"rendered":"<p>ACSW1804&#8211; Seitenw\u00e4ndeZubeh\u00f6r f\u00fcr Anreihschr\u00e4nke AC<\/p>\n","protected":false},"featured_media":17287,"comment_status":"closed","ping_status":"open","template":"","meta":[],"_links":{"self":[{"href":"https:\/\/www.re-elektroshop.at\/index.php?rest_route=\/wp\/v2\/product\/17286"}],"collection":[{"href":"https:\/\/www.re-elektroshop.at\/index.php?rest_route=\/wp\/v2\/product"}],"about":[{"href":"https:\/\/www.re-elektroshop.at\/index.php?rest_route=\/wp\/v2\/types\/product"}],"replies":[{"embeddable":true,"href":"https:\/\/www.re-elektroshop.at\/index.php?rest_route=%2Fwp%2Fv2%2Fcomments&post=17286"}],"wp:featuredmedia":[{"embeddable":true,"href":"https:\/\/www.re-elektroshop.at\/index.php?rest_route=\/wp\/v2\/media\/17287"}],"wp:attachment":[{"href":"https:\/\/www.re-elektroshop.at\/index.php?rest_route=%2Fwp%2Fv2%2Fmedia&parent=17286"}],"curies":[{"name":"wp","href":"https:\/\/api.w.org\/{rel}","templated":true}]}}