{"id":17518,"date":"2021-02-27T13:12:28","date_gmt":"2021-02-27T12:12:28","guid":{"rendered":"http:\/\/www.re-elektroshop.at\/?product=universal-schlauchhalter-o36mm-ve1stk"},"modified":"2021-02-27T13:12:28","modified_gmt":"2021-02-27T12:12:28","slug":"universal-schlauchhalter-o36mm-ve1stk","status":"publish","type":"product","link":"https:\/\/www.re-elektroshop.at\/?product=universal-schlauchhalter-o36mm-ve1stk","title":{"rendered":"Universal-Schlauchhalter \u00d836mm, VE=1Stk."},"content":{"rendered":"<p>ASCONH36&#8211;<\/p>\n<p>Universal-SchlauchhalterZubeh\u00f6r f\u00fcr Kompaktschr\u00e4nke KC<\/p>\n","protected":false},"excerpt":{"rendered":"<p>ASCONH36&#8211; Universal-SchlauchhalterZubeh\u00f6r f\u00fcr Kompaktschr\u00e4nke KC<\/p>\n","protected":false},"featured_media":17519,"comment_status":"closed","ping_status":"open","template":"","meta":[],"_links":{"self":[{"href":"https:\/\/www.re-elektroshop.at\/index.php?rest_route=\/wp\/v2\/product\/17518"}],"collection":[{"href":"https:\/\/www.re-elektroshop.at\/index.php?rest_route=\/wp\/v2\/product"}],"about":[{"href":"https:\/\/www.re-elektroshop.at\/index.php?rest_route=\/wp\/v2\/types\/product"}],"replies":[{"embeddable":true,"href":"https:\/\/www.re-elektroshop.at\/index.php?rest_route=%2Fwp%2Fv2%2Fcomments&post=17518"}],"wp:featuredmedia":[{"embeddable":true,"href":"https:\/\/www.re-elektroshop.at\/index.php?rest_route=\/wp\/v2\/media\/17519"}],"wp:attachment":[{"href":"https:\/\/www.re-elektroshop.at\/index.php?rest_route=%2Fwp%2Fv2%2Fmedia&parent=17518"}],"curies":[{"name":"wp","href":"https:\/\/api.w.org\/{rel}","templated":true}]}}