{"id":17541,"date":"2021-02-27T13:12:56","date_gmt":"2021-02-27T12:12:56","guid":{"rendered":"http:\/\/www.re-elektroshop.at\/?product=modulare-geraetefrontplatte-m-laengsschlitzen-600x300-2r-48te"},"modified":"2021-02-27T13:12:56","modified_gmt":"2021-02-27T12:12:56","slug":"modulare-geraetefrontplatte-m-laengsschlitzen-600x300-2r-48te","status":"publish","type":"product","link":"https:\/\/www.re-elektroshop.at\/?product=modulare-geraetefrontplatte-m-laengsschlitzen-600x300-2r-48te","title":{"rendered":"Modulare Ger\u00e4tefrontplatte m. L\u00e4ngsschlitzen 600&#215;300 2R 48TE"},"content":{"rendered":"<p>ASCP3006-5<\/p>\n<p>Modulare Ger\u00e4tefrontplatte RAL7035Zubeh\u00f6r f\u00fcr AS\/KS<\/p>\n","protected":false},"excerpt":{"rendered":"<p>ASCP3006-5 Modulare Ger\u00e4tefrontplatte RAL7035Zubeh\u00f6r f\u00fcr AS\/KS<\/p>\n","protected":false},"featured_media":17542,"comment_status":"closed","ping_status":"open","template":"","meta":[],"_links":{"self":[{"href":"https:\/\/www.re-elektroshop.at\/index.php?rest_route=\/wp\/v2\/product\/17541"}],"collection":[{"href":"https:\/\/www.re-elektroshop.at\/index.php?rest_route=\/wp\/v2\/product"}],"about":[{"href":"https:\/\/www.re-elektroshop.at\/index.php?rest_route=\/wp\/v2\/types\/product"}],"replies":[{"embeddable":true,"href":"https:\/\/www.re-elektroshop.at\/index.php?rest_route=%2Fwp%2Fv2%2Fcomments&post=17541"}],"wp:featuredmedia":[{"embeddable":true,"href":"https:\/\/www.re-elektroshop.at\/index.php?rest_route=\/wp\/v2\/media\/17542"}],"wp:attachment":[{"href":"https:\/\/www.re-elektroshop.at\/index.php?rest_route=%2Fwp%2Fv2%2Fmedia&parent=17541"}],"curies":[{"name":"wp","href":"https:\/\/api.w.org\/{rel}","templated":true}]}}