{"id":17696,"date":"2021-02-27T13:16:59","date_gmt":"2021-02-27T12:16:59","guid":{"rendered":"http:\/\/www.re-elektroshop.at\/?product=seitenwaende-1800x500mm-ral-7035"},"modified":"2021-02-27T13:16:59","modified_gmt":"2021-02-27T12:16:59","slug":"seitenwaende-1800x500mm-ral-7035","status":"publish","type":"product","link":"https:\/\/www.re-elektroshop.at\/?product=seitenwaende-1800x500mm-ral-7035","title":{"rendered":"Seitenw\u00e4nde 1800x500mm RAL 7035"},"content":{"rendered":"<p>ASSW1805-5<\/p>\n<p>Seitenw\u00e4nde (HxB)Seitenw\u00e4nde f\u00fcr Anreihschr\u00e4nke AS<\/p>\n","protected":false},"excerpt":{"rendered":"<p>ASSW1805-5 Seitenw\u00e4nde (HxB)Seitenw\u00e4nde f\u00fcr Anreihschr\u00e4nke AS<\/p>\n","protected":false},"featured_media":17697,"comment_status":"closed","ping_status":"open","template":"","meta":[],"_links":{"self":[{"href":"https:\/\/www.re-elektroshop.at\/index.php?rest_route=\/wp\/v2\/product\/17696"}],"collection":[{"href":"https:\/\/www.re-elektroshop.at\/index.php?rest_route=\/wp\/v2\/product"}],"about":[{"href":"https:\/\/www.re-elektroshop.at\/index.php?rest_route=\/wp\/v2\/types\/product"}],"replies":[{"embeddable":true,"href":"https:\/\/www.re-elektroshop.at\/index.php?rest_route=%2Fwp%2Fv2%2Fcomments&post=17696"}],"wp:featuredmedia":[{"embeddable":true,"href":"https:\/\/www.re-elektroshop.at\/index.php?rest_route=\/wp\/v2\/media\/17697"}],"wp:attachment":[{"href":"https:\/\/www.re-elektroshop.at\/index.php?rest_route=%2Fwp%2Fv2%2Fmedia&parent=17696"}],"curies":[{"name":"wp","href":"https:\/\/api.w.org\/{rel}","templated":true}]}}