{"id":17724,"date":"2021-02-27T13:17:36","date_gmt":"2021-02-27T12:17:36","guid":{"rendered":"http:\/\/www.re-elektroshop.at\/?product=seitenwaende-2000x400mm-ral-7035"},"modified":"2021-08-06T12:14:57","modified_gmt":"2021-08-06T10:14:57","slug":"seitenwaende-2000x400mm-ral-7035","status":"publish","type":"product","link":"https:\/\/www.re-elektroshop.at\/?product=seitenwaende-2000x400mm-ral-7035","title":{"rendered":"Seitenw\u00e4nde 2000x400mm RAL 7035"},"content":{"rendered":"<p>ASSW2004-5<\/p>\n<p>Seitenw\u00e4nde (HxB)Seitenw\u00e4nde f\u00fcr Anreihschr\u00e4nke AS<\/p>\n","protected":false},"excerpt":{"rendered":"<p>ASSW2004-5 Seitenw\u00e4nde (HxB)Seitenw\u00e4nde f\u00fcr Anreihschr\u00e4nke AS<\/p>\n","protected":false},"featured_media":17725,"comment_status":"closed","ping_status":"closed","template":"","meta":[],"_links":{"self":[{"href":"https:\/\/www.re-elektroshop.at\/index.php?rest_route=\/wp\/v2\/product\/17724"}],"collection":[{"href":"https:\/\/www.re-elektroshop.at\/index.php?rest_route=\/wp\/v2\/product"}],"about":[{"href":"https:\/\/www.re-elektroshop.at\/index.php?rest_route=\/wp\/v2\/types\/product"}],"replies":[{"embeddable":true,"href":"https:\/\/www.re-elektroshop.at\/index.php?rest_route=%2Fwp%2Fv2%2Fcomments&post=17724"}],"wp:featuredmedia":[{"embeddable":true,"href":"https:\/\/www.re-elektroshop.at\/index.php?rest_route=\/wp\/v2\/media\/17725"}],"wp:attachment":[{"href":"https:\/\/www.re-elektroshop.at\/index.php?rest_route=%2Fwp%2Fv2%2Fmedia&parent=17724"}],"curies":[{"name":"wp","href":"https:\/\/api.w.org\/{rel}","templated":true}]}}