{"id":18024,"date":"2021-02-27T13:25:44","date_gmt":"2021-02-27T12:25:44","guid":{"rendered":"http:\/\/www.re-elektroshop.at\/?product=sockel-blende-mit-kabeleinfuehrung-und-buerste-b800-fuer"},"modified":"2021-02-27T13:25:45","modified_gmt":"2021-02-27T12:25:45","slug":"sockel-blende-mit-kabeleinfuehrung-und-buerste-b800-fuer","status":"publish","type":"product","link":"https:\/\/www.re-elektroshop.at\/?product=sockel-blende-mit-kabeleinfuehrung-und-buerste-b800-fuer","title":{"rendered":"Sockel-Blende mit Kabeleinf\u00fchrung und B\u00fcrste, B=800 f\u00fcr"},"content":{"rendered":"<p>DSOF1282&#8211;<\/p>\n<p>Sockeln f\u00fcr Standschr\u00e4nke DS, DSZ, DSP und DSSSockeln<\/p>\n","protected":false},"excerpt":{"rendered":"<p>DSOF1282&#8211; Sockeln f\u00fcr Standschr\u00e4nke DS, DSZ, DSP und DSSSockeln<\/p>\n","protected":false},"featured_media":18025,"comment_status":"closed","ping_status":"open","template":"","meta":[],"_links":{"self":[{"href":"https:\/\/www.re-elektroshop.at\/index.php?rest_route=\/wp\/v2\/product\/18024"}],"collection":[{"href":"https:\/\/www.re-elektroshop.at\/index.php?rest_route=\/wp\/v2\/product"}],"about":[{"href":"https:\/\/www.re-elektroshop.at\/index.php?rest_route=\/wp\/v2\/types\/product"}],"replies":[{"embeddable":true,"href":"https:\/\/www.re-elektroshop.at\/index.php?rest_route=%2Fwp%2Fv2%2Fcomments&post=18024"}],"wp:featuredmedia":[{"embeddable":true,"href":"https:\/\/www.re-elektroshop.at\/index.php?rest_route=\/wp\/v2\/media\/18025"}],"wp:attachment":[{"href":"https:\/\/www.re-elektroshop.at\/index.php?rest_route=%2Fwp%2Fv2%2Fmedia&parent=18024"}],"curies":[{"name":"wp","href":"https:\/\/api.w.org\/{rel}","templated":true}]}}