{"id":18258,"date":"2021-02-27T13:32:59","date_gmt":"2021-02-27T12:32:59","guid":{"rendered":"http:\/\/www.re-elektroshop.at\/?product=zentralplatte-bedienflaeche-fuer-tastdimmereinsatz-reinweiss"},"modified":"2021-02-27T13:32:59","modified_gmt":"2021-02-27T12:32:59","slug":"zentralplatte-bedienflaeche-fuer-tastdimmereinsatz-reinweiss","status":"publish","type":"product","link":"https:\/\/www.re-elektroshop.at\/?product=zentralplatte-bedienflaeche-fuer-tastdimmereinsatz-reinweiss","title":{"rendered":"Zentralplatte\/Bedienfl\u00e4che f\u00fcr Tastdimmereinsatz, reinwei\u00df"},"content":{"rendered":"<p>EL207044&#8211;<\/p>\n<p>UniversaldimmerELSO Fl\u00e4chenschalter &#8211; Dimmer, Potentiometer, elektronische Trafos<\/p>\n","protected":false},"excerpt":{"rendered":"<p>EL207044&#8211; UniversaldimmerELSO Fl\u00e4chenschalter &#8211; Dimmer, Potentiometer, elektronische Trafos<\/p>\n","protected":false},"featured_media":18259,"comment_status":"closed","ping_status":"open","template":"","meta":[],"_links":{"self":[{"href":"https:\/\/www.re-elektroshop.at\/index.php?rest_route=\/wp\/v2\/product\/18258"}],"collection":[{"href":"https:\/\/www.re-elektroshop.at\/index.php?rest_route=\/wp\/v2\/product"}],"about":[{"href":"https:\/\/www.re-elektroshop.at\/index.php?rest_route=\/wp\/v2\/types\/product"}],"replies":[{"embeddable":true,"href":"https:\/\/www.re-elektroshop.at\/index.php?rest_route=%2Fwp%2Fv2%2Fcomments&post=18258"}],"wp:featuredmedia":[{"embeddable":true,"href":"https:\/\/www.re-elektroshop.at\/index.php?rest_route=\/wp\/v2\/media\/18259"}],"wp:attachment":[{"href":"https:\/\/www.re-elektroshop.at\/index.php?rest_route=%2Fwp%2Fv2%2Fmedia&parent=18258"}],"curies":[{"name":"wp","href":"https:\/\/api.w.org\/{rel}","templated":true}]}}