{"id":18666,"date":"2021-02-27T13:43:46","date_gmt":"2021-02-27T12:43:46","guid":{"rendered":"http:\/\/www.re-elektroshop.at\/?product=netzwerk-wandschrank-dw-monoblock-b600-h500-t595-19-9he"},"modified":"2021-02-27T13:43:46","modified_gmt":"2021-02-27T12:43:46","slug":"netzwerk-wandschrank-dw-monoblock-b600-h500-t595-19-9he","status":"publish","type":"product","link":"https:\/\/www.re-elektroshop.at\/?product=netzwerk-wandschrank-dw-monoblock-b600-h500-t595-19-9he","title":{"rendered":"Netzwerk-Wandschrank DW Monoblock, B600 H500 T595, 19&#8243;, 9HE"},"content":{"rendered":"<p>DW096060&#8211;<\/p>\n<p>Netzwerk-Wandschrank Monoblock mit abnehmbaren Seitenw\u00e4nden IP30Netzwerk-Wandschr\u00e4nke Monoblock mit abnehmbaren Seitenw\u00e4nden IP30<\/p>\n","protected":false},"excerpt":{"rendered":"<p>DW096060&#8211; Netzwerk-Wandschrank Monoblock mit abnehmbaren Seitenw\u00e4nden IP30Netzwerk-Wandschr\u00e4nke Monoblock mit abnehmbaren Seitenw\u00e4nden IP30<\/p>\n","protected":false},"featured_media":18667,"comment_status":"closed","ping_status":"open","template":"","meta":[],"_links":{"self":[{"href":"https:\/\/www.re-elektroshop.at\/index.php?rest_route=\/wp\/v2\/product\/18666"}],"collection":[{"href":"https:\/\/www.re-elektroshop.at\/index.php?rest_route=\/wp\/v2\/product"}],"about":[{"href":"https:\/\/www.re-elektroshop.at\/index.php?rest_route=\/wp\/v2\/types\/product"}],"replies":[{"embeddable":true,"href":"https:\/\/www.re-elektroshop.at\/index.php?rest_route=%2Fwp%2Fv2%2Fcomments&post=18666"}],"wp:featuredmedia":[{"embeddable":true,"href":"https:\/\/www.re-elektroshop.at\/index.php?rest_route=\/wp\/v2\/media\/18667"}],"wp:attachment":[{"href":"https:\/\/www.re-elektroshop.at\/index.php?rest_route=%2Fwp%2Fv2%2Fmedia&parent=18666"}],"curies":[{"name":"wp","href":"https:\/\/api.w.org\/{rel}","templated":true}]}}