{"id":18774,"date":"2021-02-27T13:46:21","date_gmt":"2021-02-27T12:46:21","guid":{"rendered":"http:\/\/www.re-elektroshop.at\/?product=netzwerk-wandschrank-dw-monoblock-b600-h770-t595-19-15he"},"modified":"2021-02-27T13:46:22","modified_gmt":"2021-02-27T12:46:22","slug":"netzwerk-wandschrank-dw-monoblock-b600-h770-t595-19-15he","status":"publish","type":"product","link":"https:\/\/www.re-elektroshop.at\/?product=netzwerk-wandschrank-dw-monoblock-b600-h770-t595-19-15he","title":{"rendered":"Netzwerk-Wandschrank DW Monoblock, B600 H770 T595, 19&#8243;, 15HE"},"content":{"rendered":"<p>DW156060&#8211;<\/p>\n<p>Netzwerk-Wandschrank Monoblock mit abnehmbaren Seitenw\u00e4nden IP30Netzwerk-Wandschr\u00e4nke Monoblock mit abnehmbaren Seitenw\u00e4nden IP30<\/p>\n","protected":false},"excerpt":{"rendered":"<p>DW156060&#8211; Netzwerk-Wandschrank Monoblock mit abnehmbaren Seitenw\u00e4nden IP30Netzwerk-Wandschr\u00e4nke Monoblock mit abnehmbaren Seitenw\u00e4nden IP30<\/p>\n","protected":false},"featured_media":18775,"comment_status":"closed","ping_status":"open","template":"","meta":[],"_links":{"self":[{"href":"https:\/\/www.re-elektroshop.at\/index.php?rest_route=\/wp\/v2\/product\/18774"}],"collection":[{"href":"https:\/\/www.re-elektroshop.at\/index.php?rest_route=\/wp\/v2\/product"}],"about":[{"href":"https:\/\/www.re-elektroshop.at\/index.php?rest_route=\/wp\/v2\/types\/product"}],"replies":[{"embeddable":true,"href":"https:\/\/www.re-elektroshop.at\/index.php?rest_route=%2Fwp%2Fv2%2Fcomments&post=18774"}],"wp:featuredmedia":[{"embeddable":true,"href":"https:\/\/www.re-elektroshop.at\/index.php?rest_route=\/wp\/v2\/media\/18775"}],"wp:attachment":[{"href":"https:\/\/www.re-elektroshop.at\/index.php?rest_route=%2Fwp%2Fv2%2Fmedia&parent=18774"}],"curies":[{"name":"wp","href":"https:\/\/api.w.org\/{rel}","templated":true}]}}