{"id":18815,"date":"2021-02-27T13:47:33","date_gmt":"2021-02-27T12:47:33","guid":{"rendered":"http:\/\/www.re-elektroshop.at\/?product=zentralplatte-fuer-schluesselschalter-fashion-ip44-reinweiss"},"modified":"2021-02-27T13:47:33","modified_gmt":"2021-02-27T12:47:33","slug":"zentralplatte-fuer-schluesselschalter-fashion-ip44-reinweiss","status":"publish","type":"product","link":"https:\/\/www.re-elektroshop.at\/?product=zentralplatte-fuer-schluesselschalter-fashion-ip44-reinweiss","title":{"rendered":"Zentralplatte f\u00fcr Schl\u00fcsselschalter Fashion IP44, reinwei\u00df"},"content":{"rendered":"<p>EL223054&#8211;<\/p>\n<p>ZentralplattenELSO Fl\u00e4chenschalter &#8211; Design Fashion IP44<\/p>\n","protected":false},"excerpt":{"rendered":"<p>EL223054&#8211; ZentralplattenELSO Fl\u00e4chenschalter &#8211; Design Fashion IP44<\/p>\n","protected":false},"featured_media":18816,"comment_status":"closed","ping_status":"open","template":"","meta":[],"_links":{"self":[{"href":"https:\/\/www.re-elektroshop.at\/index.php?rest_route=\/wp\/v2\/product\/18815"}],"collection":[{"href":"https:\/\/www.re-elektroshop.at\/index.php?rest_route=\/wp\/v2\/product"}],"about":[{"href":"https:\/\/www.re-elektroshop.at\/index.php?rest_route=\/wp\/v2\/types\/product"}],"replies":[{"embeddable":true,"href":"https:\/\/www.re-elektroshop.at\/index.php?rest_route=%2Fwp%2Fv2%2Fcomments&post=18815"}],"wp:featuredmedia":[{"embeddable":true,"href":"https:\/\/www.re-elektroshop.at\/index.php?rest_route=\/wp\/v2\/media\/18816"}],"wp:attachment":[{"href":"https:\/\/www.re-elektroshop.at\/index.php?rest_route=%2Fwp%2Fv2%2Fmedia&parent=18815"}],"curies":[{"name":"wp","href":"https:\/\/api.w.org\/{rel}","templated":true}]}}