{"id":20673,"date":"2021-02-27T16:13:00","date_gmt":"2021-02-27T15:13:00","guid":{"rendered":"http:\/\/www.re-elektroshop.at\/?product=kunststoff-anschlussdose-fuer-ip-kamera-spcams02fa-weiss"},"modified":"2021-02-27T16:13:01","modified_gmt":"2021-02-27T15:13:01","slug":"kunststoff-anschlussdose-fuer-ip-kamera-spcams02fa-weiss","status":"publish","type":"product","link":"https:\/\/www.re-elektroshop.at\/?product=kunststoff-anschlussdose-fuer-ip-kamera-spcams02fa-weiss","title":{"rendered":"Kunststoff-Anschlussdose f\u00fcr IP Kamera SPCAMS02FA, wei\u00df"},"content":{"rendered":"<p>SPJBS01PA-<\/p>\n<p>Externe Kamera f\u00fcr VIPZubeh\u00f6r f\u00fcr IP-Sprechanlagen VIP<\/p>\n","protected":false},"excerpt":{"rendered":"<p>SPJBS01PA- Externe Kamera f\u00fcr VIPZubeh\u00f6r f\u00fcr IP-Sprechanlagen VIP<\/p>\n","protected":false},"featured_media":20674,"comment_status":"closed","ping_status":"open","template":"","meta":[],"_links":{"self":[{"href":"https:\/\/www.re-elektroshop.at\/index.php?rest_route=\/wp\/v2\/product\/20673"}],"collection":[{"href":"https:\/\/www.re-elektroshop.at\/index.php?rest_route=\/wp\/v2\/product"}],"about":[{"href":"https:\/\/www.re-elektroshop.at\/index.php?rest_route=\/wp\/v2\/types\/product"}],"replies":[{"embeddable":true,"href":"https:\/\/www.re-elektroshop.at\/index.php?rest_route=%2Fwp%2Fv2%2Fcomments&post=20673"}],"wp:featuredmedia":[{"embeddable":true,"href":"https:\/\/www.re-elektroshop.at\/index.php?rest_route=\/wp\/v2\/media\/20674"}],"wp:attachment":[{"href":"https:\/\/www.re-elektroshop.at\/index.php?rest_route=%2Fwp%2Fv2%2Fmedia&parent=20673"}],"curies":[{"name":"wp","href":"https:\/\/api.w.org\/{rel}","templated":true}]}}