{"id":22439,"date":"2021-02-28T13:07:16","date_gmt":"2021-02-28T12:07:16","guid":{"rendered":"http:\/\/www.re-elektroshop.at\/?product=abeckung-fuer-praesenz-und-bewegungsmelder-rund-weiss"},"modified":"2021-06-09T10:46:52","modified_gmt":"2021-06-09T08:46:52","slug":"abeckung-fuer-praesenz-und-bewegungsmelder-rund-weiss","status":"publish","type":"product","link":"https:\/\/www.re-elektroshop.at\/?product=abeckung-fuer-praesenz-und-bewegungsmelder-rund-weiss","title":{"rendered":"Abeckung f\u00fcr Pr\u00e4senz- und Bewegungsmelder, rund, wei\u00df"},"content":{"rendered":"","protected":false},"excerpt":{"rendered":"<p>1<\/p>\n","protected":false},"featured_media":22438,"comment_status":"open","ping_status":"closed","template":"","meta":[],"_links":{"self":[{"href":"https:\/\/www.re-elektroshop.at\/index.php?rest_route=\/wp\/v2\/product\/22439"}],"collection":[{"href":"https:\/\/www.re-elektroshop.at\/index.php?rest_route=\/wp\/v2\/product"}],"about":[{"href":"https:\/\/www.re-elektroshop.at\/index.php?rest_route=\/wp\/v2\/types\/product"}],"replies":[{"embeddable":true,"href":"https:\/\/www.re-elektroshop.at\/index.php?rest_route=%2Fwp%2Fv2%2Fcomments&post=22439"}],"wp:featuredmedia":[{"embeddable":true,"href":"https:\/\/www.re-elektroshop.at\/index.php?rest_route=\/wp\/v2\/media\/22438"}],"wp:attachment":[{"href":"https:\/\/www.re-elektroshop.at\/index.php?rest_route=%2Fwp%2Fv2%2Fmedia&parent=22439"}],"curies":[{"name":"wp","href":"https:\/\/api.w.org\/{rel}","templated":true}]}}