{"id":22571,"date":"2021-02-28T13:10:05","date_gmt":"2021-02-28T12:10:05","guid":{"rendered":"http:\/\/www.re-elektroshop.at\/?product=steckdose-mit-erhoehtem-beruehrungsschutz-16a-weiss"},"modified":"2021-02-28T13:10:05","modified_gmt":"2021-02-28T12:10:05","slug":"steckdose-mit-erhoehtem-beruehrungsschutz-16a-weiss","status":"publish","type":"product","link":"https:\/\/www.re-elektroshop.at\/?product=steckdose-mit-erhoehtem-beruehrungsschutz-16a-weiss","title":{"rendered":"Steckdose mit erh\u00f6htem Ber\u00fchrungsschutz 16A, wei\u00df"},"content":{"rendered":"","protected":false},"excerpt":{"rendered":"<p>1<\/p>\n","protected":false},"featured_media":22570,"comment_status":"open","ping_status":"closed","template":"","meta":[],"_links":{"self":[{"href":"https:\/\/www.re-elektroshop.at\/index.php?rest_route=\/wp\/v2\/product\/22571"}],"collection":[{"href":"https:\/\/www.re-elektroshop.at\/index.php?rest_route=\/wp\/v2\/product"}],"about":[{"href":"https:\/\/www.re-elektroshop.at\/index.php?rest_route=\/wp\/v2\/types\/product"}],"replies":[{"embeddable":true,"href":"https:\/\/www.re-elektroshop.at\/index.php?rest_route=%2Fwp%2Fv2%2Fcomments&post=22571"}],"wp:featuredmedia":[{"embeddable":true,"href":"https:\/\/www.re-elektroshop.at\/index.php?rest_route=\/wp\/v2\/media\/22570"}],"wp:attachment":[{"href":"https:\/\/www.re-elektroshop.at\/index.php?rest_route=%2Fwp%2Fv2%2Fmedia&parent=22571"}],"curies":[{"name":"wp","href":"https:\/\/api.w.org\/{rel}","templated":true}]}}