{"id":22619,"date":"2021-02-28T13:11:09","date_gmt":"2021-02-28T12:11:09","guid":{"rendered":"http:\/\/www.re-elektroshop.at\/?product=steckdose-erdungsstift-erhoehter-beruehrungsschutz-16a-weiss"},"modified":"2021-02-28T13:11:09","modified_gmt":"2021-02-28T12:11:09","slug":"steckdose-erdungsstift-erhoehter-beruehrungsschutz-16a-weiss","status":"publish","type":"product","link":"https:\/\/www.re-elektroshop.at\/?product=steckdose-erdungsstift-erhoehter-beruehrungsschutz-16a-weiss","title":{"rendered":"Steckdose Erdungsstift, erh\u00f6hter Ber\u00fchrungsschutz 16A, wei\u00df"},"content":{"rendered":"","protected":false},"excerpt":{"rendered":"<p>1<\/p>\n","protected":false},"featured_media":22618,"comment_status":"open","ping_status":"closed","template":"","meta":[],"_links":{"self":[{"href":"https:\/\/www.re-elektroshop.at\/index.php?rest_route=\/wp\/v2\/product\/22619"}],"collection":[{"href":"https:\/\/www.re-elektroshop.at\/index.php?rest_route=\/wp\/v2\/product"}],"about":[{"href":"https:\/\/www.re-elektroshop.at\/index.php?rest_route=\/wp\/v2\/types\/product"}],"replies":[{"embeddable":true,"href":"https:\/\/www.re-elektroshop.at\/index.php?rest_route=%2Fwp%2Fv2%2Fcomments&post=22619"}],"wp:featuredmedia":[{"embeddable":true,"href":"https:\/\/www.re-elektroshop.at\/index.php?rest_route=\/wp\/v2\/media\/22618"}],"wp:attachment":[{"href":"https:\/\/www.re-elektroshop.at\/index.php?rest_route=%2Fwp%2Fv2%2Fmedia&parent=22619"}],"curies":[{"name":"wp","href":"https:\/\/api.w.org\/{rel}","templated":true}]}}