{"id":22651,"date":"2021-02-28T13:12:17","date_gmt":"2021-02-28T12:12:17","guid":{"rendered":"http:\/\/www.re-elektroshop.at\/?product=steckdose-erdungsstift-erhoehter-beruehrungsschutz-gruen-16a"},"modified":"2021-02-28T13:12:17","modified_gmt":"2021-02-28T12:12:17","slug":"steckdose-erdungsstift-erhoehter-beruehrungsschutz-gruen-16a","status":"publish","type":"product","link":"https:\/\/www.re-elektroshop.at\/?product=steckdose-erdungsstift-erhoehter-beruehrungsschutz-gruen-16a","title":{"rendered":"Steckdose Erdungsstift, erh\u00f6hter Ber\u00fchrungsschutz gr\u00fcn 16A"},"content":{"rendered":"","protected":false},"excerpt":{"rendered":"<p>1<\/p>\n","protected":false},"featured_media":22650,"comment_status":"open","ping_status":"closed","template":"","meta":[],"_links":{"self":[{"href":"https:\/\/www.re-elektroshop.at\/index.php?rest_route=\/wp\/v2\/product\/22651"}],"collection":[{"href":"https:\/\/www.re-elektroshop.at\/index.php?rest_route=\/wp\/v2\/product"}],"about":[{"href":"https:\/\/www.re-elektroshop.at\/index.php?rest_route=\/wp\/v2\/types\/product"}],"replies":[{"embeddable":true,"href":"https:\/\/www.re-elektroshop.at\/index.php?rest_route=%2Fwp%2Fv2%2Fcomments&post=22651"}],"wp:featuredmedia":[{"embeddable":true,"href":"https:\/\/www.re-elektroshop.at\/index.php?rest_route=\/wp\/v2\/media\/22650"}],"wp:attachment":[{"href":"https:\/\/www.re-elektroshop.at\/index.php?rest_route=%2Fwp%2Fv2%2Fmedia&parent=22651"}],"curies":[{"name":"wp","href":"https:\/\/api.w.org\/{rel}","templated":true}]}}