{"id":24277,"date":"2021-02-28T14:04:43","date_gmt":"2021-02-28T13:04:43","guid":{"rendered":"http:\/\/www.re-elektroshop.at\/?product=beruehrungsschutz-2-teilig-fuer-nh-ut-groesse-00"},"modified":"2021-02-28T14:04:43","modified_gmt":"2021-02-28T13:04:43","slug":"beruehrungsschutz-2-teilig-fuer-nh-ut-groesse-00","status":"publish","type":"product","link":"https:\/\/www.re-elektroshop.at\/?product=beruehrungsschutz-2-teilig-fuer-nh-ut-groesse-00","title":{"rendered":"Ber\u00fchrungsschutz 2-teilig f\u00fcr NH-UT Gr\u00f6\u00dfe 00"},"content":{"rendered":"","protected":false},"excerpt":{"rendered":"<p>1<\/p>\n","protected":false},"featured_media":24276,"comment_status":"open","ping_status":"closed","template":"","meta":[],"_links":{"self":[{"href":"https:\/\/www.re-elektroshop.at\/index.php?rest_route=\/wp\/v2\/product\/24277"}],"collection":[{"href":"https:\/\/www.re-elektroshop.at\/index.php?rest_route=\/wp\/v2\/product"}],"about":[{"href":"https:\/\/www.re-elektroshop.at\/index.php?rest_route=\/wp\/v2\/types\/product"}],"replies":[{"embeddable":true,"href":"https:\/\/www.re-elektroshop.at\/index.php?rest_route=%2Fwp%2Fv2%2Fcomments&post=24277"}],"wp:featuredmedia":[{"embeddable":true,"href":"https:\/\/www.re-elektroshop.at\/index.php?rest_route=\/wp\/v2\/media\/24276"}],"wp:attachment":[{"href":"https:\/\/www.re-elektroshop.at\/index.php?rest_route=%2Fwp%2Fv2%2Fmedia&parent=24277"}],"curies":[{"name":"wp","href":"https:\/\/api.w.org\/{rel}","templated":true}]}}