{"id":29567,"date":"2021-03-01T13:33:17","date_gmt":"2021-03-01T12:33:17","guid":{"rendered":"http:\/\/www.re-elektroshop.at\/?product=pruefbuch-fuer-co-warnanlagen-gemaess-oenorm-m9419"},"modified":"2021-03-01T13:33:17","modified_gmt":"2021-03-01T12:33:17","slug":"pruefbuch-fuer-co-warnanlagen-gemaess-oenorm-m9419","status":"publish","type":"product","link":"https:\/\/www.re-elektroshop.at\/?product=pruefbuch-fuer-co-warnanlagen-gemaess-oenorm-m9419","title":{"rendered":"Pr\u00fcfbuch f\u00fcr CO Warnanlagen gem\u00e4\u00df \u00d6NORM M9419"},"content":{"rendered":"","protected":false},"excerpt":{"rendered":"<p>1<\/p>\n","protected":false},"featured_media":29566,"comment_status":"open","ping_status":"closed","template":"","meta":[],"_links":{"self":[{"href":"https:\/\/www.re-elektroshop.at\/index.php?rest_route=\/wp\/v2\/product\/29567"}],"collection":[{"href":"https:\/\/www.re-elektroshop.at\/index.php?rest_route=\/wp\/v2\/product"}],"about":[{"href":"https:\/\/www.re-elektroshop.at\/index.php?rest_route=\/wp\/v2\/types\/product"}],"replies":[{"embeddable":true,"href":"https:\/\/www.re-elektroshop.at\/index.php?rest_route=%2Fwp%2Fv2%2Fcomments&post=29567"}],"wp:featuredmedia":[{"embeddable":true,"href":"https:\/\/www.re-elektroshop.at\/index.php?rest_route=\/wp\/v2\/media\/29566"}],"wp:attachment":[{"href":"https:\/\/www.re-elektroshop.at\/index.php?rest_route=%2Fwp%2Fv2%2Fmedia&parent=29567"}],"curies":[{"name":"wp","href":"https:\/\/api.w.org\/{rel}","templated":true}]}}