{"id":29918,"date":"2021-03-01T13:41:13","date_gmt":"2021-03-01T12:41:13","guid":{"rendered":"http:\/\/www.re-elektroshop.at\/?product=zaehlerwanne-1-reihig-2-zaehlerplaetze-9-modulhoehen"},"modified":"2021-03-01T13:41:13","modified_gmt":"2021-03-01T12:41:13","slug":"zaehlerwanne-1-reihig-2-zaehlerplaetze-9-modulhoehen","status":"publish","type":"product","link":"https:\/\/www.re-elektroshop.at\/?product=zaehlerwanne-1-reihig-2-zaehlerplaetze-9-modulhoehen","title":{"rendered":"Z\u00e4hlerwanne 1-reihig, 2 Z\u00e4hlerpl\u00e4tze \/ 9 Modulh\u00f6hen"},"content":{"rendered":"","protected":false},"excerpt":{"rendered":"<p>1<\/p>\n","protected":false},"featured_media":29917,"comment_status":"open","ping_status":"closed","template":"","meta":[],"_links":{"self":[{"href":"https:\/\/www.re-elektroshop.at\/index.php?rest_route=\/wp\/v2\/product\/29918"}],"collection":[{"href":"https:\/\/www.re-elektroshop.at\/index.php?rest_route=\/wp\/v2\/product"}],"about":[{"href":"https:\/\/www.re-elektroshop.at\/index.php?rest_route=\/wp\/v2\/types\/product"}],"replies":[{"embeddable":true,"href":"https:\/\/www.re-elektroshop.at\/index.php?rest_route=%2Fwp%2Fv2%2Fcomments&post=29918"}],"wp:featuredmedia":[{"embeddable":true,"href":"https:\/\/www.re-elektroshop.at\/index.php?rest_route=\/wp\/v2\/media\/29917"}],"wp:attachment":[{"href":"https:\/\/www.re-elektroshop.at\/index.php?rest_route=%2Fwp%2Fv2%2Fmedia&parent=29918"}],"curies":[{"name":"wp","href":"https:\/\/api.w.org\/{rel}","templated":true}]}}