{"id":29928,"date":"2021-03-01T13:41:26","date_gmt":"2021-03-01T12:41:26","guid":{"rendered":"http:\/\/www.re-elektroshop.at\/?product=glenos-endkappe-fuer-aluminium-fussleistenprofil-led-weiss"},"modified":"2021-03-01T13:41:26","modified_gmt":"2021-03-01T12:41:26","slug":"glenos-endkappe-fuer-aluminium-fussleistenprofil-led-weiss","status":"publish","type":"product","link":"https:\/\/www.re-elektroshop.at\/?product=glenos-endkappe-fuer-aluminium-fussleistenprofil-led-weiss","title":{"rendered":"GLENOS ENDKAPPE f\u00fcr Aluminium Fu\u00dfleistenprofil LED, wei\u00df"},"content":{"rendered":"","protected":false},"excerpt":{"rendered":"<p>1<\/p>\n","protected":false},"featured_media":29927,"comment_status":"open","ping_status":"closed","template":"","meta":[],"_links":{"self":[{"href":"https:\/\/www.re-elektroshop.at\/index.php?rest_route=\/wp\/v2\/product\/29928"}],"collection":[{"href":"https:\/\/www.re-elektroshop.at\/index.php?rest_route=\/wp\/v2\/product"}],"about":[{"href":"https:\/\/www.re-elektroshop.at\/index.php?rest_route=\/wp\/v2\/types\/product"}],"replies":[{"embeddable":true,"href":"https:\/\/www.re-elektroshop.at\/index.php?rest_route=%2Fwp%2Fv2%2Fcomments&post=29928"}],"wp:featuredmedia":[{"embeddable":true,"href":"https:\/\/www.re-elektroshop.at\/index.php?rest_route=\/wp\/v2\/media\/29927"}],"wp:attachment":[{"href":"https:\/\/www.re-elektroshop.at\/index.php?rest_route=%2Fwp%2Fv2%2Fmedia&parent=29928"}],"curies":[{"name":"wp","href":"https:\/\/api.w.org\/{rel}","templated":true}]}}