{"id":29978,"date":"2021-03-01T13:42:44","date_gmt":"2021-03-01T12:42:44","guid":{"rendered":"http:\/\/www.re-elektroshop.at\/?product=zaehlerwanne-1-reihig-4-zaehlerplaetze-8-modulhoehen"},"modified":"2021-03-01T13:42:44","modified_gmt":"2021-03-01T12:42:44","slug":"zaehlerwanne-1-reihig-4-zaehlerplaetze-8-modulhoehen","status":"publish","type":"product","link":"https:\/\/www.re-elektroshop.at\/?product=zaehlerwanne-1-reihig-4-zaehlerplaetze-8-modulhoehen","title":{"rendered":"Z\u00e4hlerwanne 1-reihig, 4 Z\u00e4hlerpl\u00e4tze \/ 8 Modulh\u00f6hen"},"content":{"rendered":"","protected":false},"excerpt":{"rendered":"<p>1<\/p>\n","protected":false},"featured_media":29977,"comment_status":"open","ping_status":"closed","template":"","meta":[],"_links":{"self":[{"href":"https:\/\/www.re-elektroshop.at\/index.php?rest_route=\/wp\/v2\/product\/29978"}],"collection":[{"href":"https:\/\/www.re-elektroshop.at\/index.php?rest_route=\/wp\/v2\/product"}],"about":[{"href":"https:\/\/www.re-elektroshop.at\/index.php?rest_route=\/wp\/v2\/types\/product"}],"replies":[{"embeddable":true,"href":"https:\/\/www.re-elektroshop.at\/index.php?rest_route=%2Fwp%2Fv2%2Fcomments&post=29978"}],"wp:featuredmedia":[{"embeddable":true,"href":"https:\/\/www.re-elektroshop.at\/index.php?rest_route=\/wp\/v2\/media\/29977"}],"wp:attachment":[{"href":"https:\/\/www.re-elektroshop.at\/index.php?rest_route=%2Fwp%2Fv2%2Fmedia&parent=29978"}],"curies":[{"name":"wp","href":"https:\/\/api.w.org\/{rel}","templated":true}]}}