{"id":30002,"date":"2021-03-01T13:43:19","date_gmt":"2021-03-01T12:43:19","guid":{"rendered":"http:\/\/www.re-elektroshop.at\/?product=zaehlerwanne-3-reihig-12-zaehlerplaetze-24-modulhoehen"},"modified":"2021-03-01T13:43:19","modified_gmt":"2021-03-01T12:43:19","slug":"zaehlerwanne-3-reihig-12-zaehlerplaetze-24-modulhoehen","status":"publish","type":"product","link":"https:\/\/www.re-elektroshop.at\/?product=zaehlerwanne-3-reihig-12-zaehlerplaetze-24-modulhoehen","title":{"rendered":"Z\u00e4hlerwanne 3-reihig, 12 Z\u00e4hlerpl\u00e4tze \/ 24 Modulh\u00f6hen"},"content":{"rendered":"","protected":false},"excerpt":{"rendered":"<p>1<\/p>\n","protected":false},"featured_media":30001,"comment_status":"open","ping_status":"closed","template":"","meta":[],"_links":{"self":[{"href":"https:\/\/www.re-elektroshop.at\/index.php?rest_route=\/wp\/v2\/product\/30002"}],"collection":[{"href":"https:\/\/www.re-elektroshop.at\/index.php?rest_route=\/wp\/v2\/product"}],"about":[{"href":"https:\/\/www.re-elektroshop.at\/index.php?rest_route=\/wp\/v2\/types\/product"}],"replies":[{"embeddable":true,"href":"https:\/\/www.re-elektroshop.at\/index.php?rest_route=%2Fwp%2Fv2%2Fcomments&post=30002"}],"wp:featuredmedia":[{"embeddable":true,"href":"https:\/\/www.re-elektroshop.at\/index.php?rest_route=\/wp\/v2\/media\/30001"}],"wp:attachment":[{"href":"https:\/\/www.re-elektroshop.at\/index.php?rest_route=%2Fwp%2Fv2%2Fmedia&parent=30002"}],"curies":[{"name":"wp","href":"https:\/\/api.w.org\/{rel}","templated":true}]}}