{"id":30038,"date":"2021-03-01T13:44:00","date_gmt":"2021-03-01T12:44:00","guid":{"rendered":"http:\/\/www.re-elektroshop.at\/?product=zaehlerwanne-2-reihig-10-zaehlerplaetze-16-modulhoehen"},"modified":"2021-03-01T13:44:00","modified_gmt":"2021-03-01T12:44:00","slug":"zaehlerwanne-2-reihig-10-zaehlerplaetze-16-modulhoehen","status":"publish","type":"product","link":"https:\/\/www.re-elektroshop.at\/?product=zaehlerwanne-2-reihig-10-zaehlerplaetze-16-modulhoehen","title":{"rendered":"Z\u00e4hlerwanne 2-reihig, 10 Z\u00e4hlerpl\u00e4tze \/ 16 Modulh\u00f6hen"},"content":{"rendered":"","protected":false},"excerpt":{"rendered":"<p>1<\/p>\n","protected":false},"featured_media":30037,"comment_status":"open","ping_status":"closed","template":"","meta":[],"_links":{"self":[{"href":"https:\/\/www.re-elektroshop.at\/index.php?rest_route=\/wp\/v2\/product\/30038"}],"collection":[{"href":"https:\/\/www.re-elektroshop.at\/index.php?rest_route=\/wp\/v2\/product"}],"about":[{"href":"https:\/\/www.re-elektroshop.at\/index.php?rest_route=\/wp\/v2\/types\/product"}],"replies":[{"embeddable":true,"href":"https:\/\/www.re-elektroshop.at\/index.php?rest_route=%2Fwp%2Fv2%2Fcomments&post=30038"}],"wp:featuredmedia":[{"embeddable":true,"href":"https:\/\/www.re-elektroshop.at\/index.php?rest_route=\/wp\/v2\/media\/30037"}],"wp:attachment":[{"href":"https:\/\/www.re-elektroshop.at\/index.php?rest_route=%2Fwp%2Fv2%2Fmedia&parent=30038"}],"curies":[{"name":"wp","href":"https:\/\/api.w.org\/{rel}","templated":true}]}}