{"id":30602,"date":"2021-03-01T13:51:49","date_gmt":"2021-03-01T12:51:49","guid":{"rendered":"http:\/\/www.re-elektroshop.at\/?product=endkappe-fuer-glenos-alu-profil-mit-cover-mattweiss-2-stueck"},"modified":"2021-03-01T13:51:49","modified_gmt":"2021-03-01T12:51:49","slug":"endkappe-fuer-glenos-alu-profil-mit-cover-mattweiss-2-stueck","status":"publish","type":"product","link":"https:\/\/www.re-elektroshop.at\/?product=endkappe-fuer-glenos-alu-profil-mit-cover-mattweiss-2-stueck","title":{"rendered":"Endkappe f\u00fcr GLENOS ALU-PROFIL mit Cover, mattwei\u00df, 2 St\u00fcck"},"content":{"rendered":"","protected":false},"excerpt":{"rendered":"<p>1<\/p>\n","protected":false},"featured_media":30601,"comment_status":"open","ping_status":"closed","template":"","meta":[],"_links":{"self":[{"href":"https:\/\/www.re-elektroshop.at\/index.php?rest_route=\/wp\/v2\/product\/30602"}],"collection":[{"href":"https:\/\/www.re-elektroshop.at\/index.php?rest_route=\/wp\/v2\/product"}],"about":[{"href":"https:\/\/www.re-elektroshop.at\/index.php?rest_route=\/wp\/v2\/types\/product"}],"replies":[{"embeddable":true,"href":"https:\/\/www.re-elektroshop.at\/index.php?rest_route=%2Fwp%2Fv2%2Fcomments&post=30602"}],"wp:featuredmedia":[{"embeddable":true,"href":"https:\/\/www.re-elektroshop.at\/index.php?rest_route=\/wp\/v2\/media\/30601"}],"wp:attachment":[{"href":"https:\/\/www.re-elektroshop.at\/index.php?rest_route=%2Fwp%2Fv2%2Fmedia&parent=30602"}],"curies":[{"name":"wp","href":"https:\/\/api.w.org\/{rel}","templated":true}]}}