{"id":31624,"date":"2021-03-01T14:14:39","date_gmt":"2021-03-01T13:14:39","guid":{"rendered":"http:\/\/www.re-elektroshop.at\/?product=einspeiser-fuer-d-track-2phasen-weiss-mit-gehaeuse"},"modified":"2021-03-01T14:14:39","modified_gmt":"2021-03-01T13:14:39","slug":"einspeiser-fuer-d-track-2phasen-weiss-mit-gehaeuse","status":"publish","type":"product","link":"https:\/\/www.re-elektroshop.at\/?product=einspeiser-fuer-d-track-2phasen-weiss-mit-gehaeuse","title":{"rendered":"EINSPEISER, f\u00fcr D-TRACK, 2Phasen, wei\u00df, mit Geh\u00e4use"},"content":{"rendered":"","protected":false},"excerpt":{"rendered":"<p>1<\/p>\n","protected":false},"featured_media":31623,"comment_status":"open","ping_status":"closed","template":"","meta":[],"_links":{"self":[{"href":"https:\/\/www.re-elektroshop.at\/index.php?rest_route=\/wp\/v2\/product\/31624"}],"collection":[{"href":"https:\/\/www.re-elektroshop.at\/index.php?rest_route=\/wp\/v2\/product"}],"about":[{"href":"https:\/\/www.re-elektroshop.at\/index.php?rest_route=\/wp\/v2\/types\/product"}],"replies":[{"embeddable":true,"href":"https:\/\/www.re-elektroshop.at\/index.php?rest_route=%2Fwp%2Fv2%2Fcomments&post=31624"}],"wp:featuredmedia":[{"embeddable":true,"href":"https:\/\/www.re-elektroshop.at\/index.php?rest_route=\/wp\/v2\/media\/31623"}],"wp:attachment":[{"href":"https:\/\/www.re-elektroshop.at\/index.php?rest_route=%2Fwp%2Fv2%2Fmedia&parent=31624"}],"curies":[{"name":"wp","href":"https:\/\/api.w.org\/{rel}","templated":true}]}}