{"id":33447,"date":"2021-03-01T14:39:48","date_gmt":"2021-03-01T13:39:48","guid":{"rendered":"http:\/\/www.re-elektroshop.at\/?product=fuellstandsonden-1-stab-fuer-niveauueberwachung"},"modified":"2021-03-01T14:39:48","modified_gmt":"2021-03-01T13:39:48","slug":"fuellstandsonden-1-stab-fuer-niveauueberwachung","status":"publish","type":"product","link":"https:\/\/www.re-elektroshop.at\/?product=fuellstandsonden-1-stab-fuer-niveauueberwachung","title":{"rendered":"F\u00fcllstandsonden 1 Stab f\u00fcr Niveau\u00fcberwachung"},"content":{"rendered":"","protected":false},"excerpt":{"rendered":"<p>1<\/p>\n","protected":false},"featured_media":33446,"comment_status":"open","ping_status":"closed","template":"","meta":[],"_links":{"self":[{"href":"https:\/\/www.re-elektroshop.at\/index.php?rest_route=\/wp\/v2\/product\/33447"}],"collection":[{"href":"https:\/\/www.re-elektroshop.at\/index.php?rest_route=\/wp\/v2\/product"}],"about":[{"href":"https:\/\/www.re-elektroshop.at\/index.php?rest_route=\/wp\/v2\/types\/product"}],"replies":[{"embeddable":true,"href":"https:\/\/www.re-elektroshop.at\/index.php?rest_route=%2Fwp%2Fv2%2Fcomments&post=33447"}],"wp:featuredmedia":[{"embeddable":true,"href":"https:\/\/www.re-elektroshop.at\/index.php?rest_route=\/wp\/v2\/media\/33446"}],"wp:attachment":[{"href":"https:\/\/www.re-elektroshop.at\/index.php?rest_route=%2Fwp%2Fv2%2Fmedia&parent=33447"}],"curies":[{"name":"wp","href":"https:\/\/api.w.org\/{rel}","templated":true}]}}