{"id":37557,"date":"2021-03-02T15:37:34","date_gmt":"2021-03-02T14:37:34","guid":{"rendered":"http:\/\/www.re-elektroshop.at\/?product=einspeiser-fuer-easytec-ii-weiss-kabellaenge-40cm"},"modified":"2021-03-02T15:37:34","modified_gmt":"2021-03-02T14:37:34","slug":"einspeiser-fuer-easytec-ii-weiss-kabellaenge-40cm","status":"publish","type":"product","link":"https:\/\/www.re-elektroshop.at\/?product=einspeiser-fuer-easytec-ii-weiss-kabellaenge-40cm","title":{"rendered":"Einspeiser f\u00fcr EASYTEC II, wei\u00df, Kabell\u00e4nge: 40cm"},"content":{"rendered":"","protected":false},"excerpt":{"rendered":"<p>1<\/p>\n","protected":false},"featured_media":37556,"comment_status":"open","ping_status":"closed","template":"","meta":[],"_links":{"self":[{"href":"https:\/\/www.re-elektroshop.at\/index.php?rest_route=\/wp\/v2\/product\/37557"}],"collection":[{"href":"https:\/\/www.re-elektroshop.at\/index.php?rest_route=\/wp\/v2\/product"}],"about":[{"href":"https:\/\/www.re-elektroshop.at\/index.php?rest_route=\/wp\/v2\/types\/product"}],"replies":[{"embeddable":true,"href":"https:\/\/www.re-elektroshop.at\/index.php?rest_route=%2Fwp%2Fv2%2Fcomments&post=37557"}],"wp:featuredmedia":[{"embeddable":true,"href":"https:\/\/www.re-elektroshop.at\/index.php?rest_route=\/wp\/v2\/media\/37556"}],"wp:attachment":[{"href":"https:\/\/www.re-elektroshop.at\/index.php?rest_route=%2Fwp%2Fv2%2Fmedia&parent=37557"}],"curies":[{"name":"wp","href":"https:\/\/api.w.org\/{rel}","templated":true}]}}