{"id":37857,"date":"2021-03-02T15:40:35","date_gmt":"2021-03-02T14:40:35","guid":{"rendered":"http:\/\/www.re-elektroshop.at\/?product=deckenabhaengung-flexibel-fuer-easytec-ii-weiss-18-26cm"},"modified":"2021-03-02T15:40:35","modified_gmt":"2021-03-02T14:40:35","slug":"deckenabhaengung-flexibel-fuer-easytec-ii-weiss-18-26cm","status":"publish","type":"product","link":"https:\/\/www.re-elektroshop.at\/?product=deckenabhaengung-flexibel-fuer-easytec-ii-weiss-18-26cm","title":{"rendered":"Deckenabh\u00e4ngung flexibel f\u00fcr EASYTEC II, wei\u00df, 18-26cm"},"content":{"rendered":"","protected":false},"excerpt":{"rendered":"<p>1<\/p>\n","protected":false},"featured_media":37856,"comment_status":"open","ping_status":"closed","template":"","meta":[],"_links":{"self":[{"href":"https:\/\/www.re-elektroshop.at\/index.php?rest_route=\/wp\/v2\/product\/37857"}],"collection":[{"href":"https:\/\/www.re-elektroshop.at\/index.php?rest_route=\/wp\/v2\/product"}],"about":[{"href":"https:\/\/www.re-elektroshop.at\/index.php?rest_route=\/wp\/v2\/types\/product"}],"replies":[{"embeddable":true,"href":"https:\/\/www.re-elektroshop.at\/index.php?rest_route=%2Fwp%2Fv2%2Fcomments&post=37857"}],"wp:featuredmedia":[{"embeddable":true,"href":"https:\/\/www.re-elektroshop.at\/index.php?rest_route=\/wp\/v2\/media\/37856"}],"wp:attachment":[{"href":"https:\/\/www.re-elektroshop.at\/index.php?rest_route=%2Fwp%2Fv2%2Fmedia&parent=37857"}],"curies":[{"name":"wp","href":"https:\/\/api.w.org\/{rel}","templated":true}]}}