{"id":38024,"date":"2021-03-02T15:43:26","date_gmt":"2021-03-02T14:43:26","guid":{"rendered":"http:\/\/www.re-elektroshop.at\/?product=laengsverbinder-isoliert-fuer-easytec-ii-weiss"},"modified":"2021-03-02T15:43:26","modified_gmt":"2021-03-02T14:43:26","slug":"laengsverbinder-isoliert-fuer-easytec-ii-weiss","status":"publish","type":"product","link":"https:\/\/www.re-elektroshop.at\/?product=laengsverbinder-isoliert-fuer-easytec-ii-weiss","title":{"rendered":"L\u00e4ngsverbinder isoliert f\u00fcr EASYTEC II, wei\u00df"},"content":{"rendered":"","protected":false},"excerpt":{"rendered":"<p>1<\/p>\n","protected":false},"featured_media":38023,"comment_status":"open","ping_status":"closed","template":"","meta":[],"_links":{"self":[{"href":"https:\/\/www.re-elektroshop.at\/index.php?rest_route=\/wp\/v2\/product\/38024"}],"collection":[{"href":"https:\/\/www.re-elektroshop.at\/index.php?rest_route=\/wp\/v2\/product"}],"about":[{"href":"https:\/\/www.re-elektroshop.at\/index.php?rest_route=\/wp\/v2\/types\/product"}],"replies":[{"embeddable":true,"href":"https:\/\/www.re-elektroshop.at\/index.php?rest_route=%2Fwp%2Fv2%2Fcomments&post=38024"}],"wp:featuredmedia":[{"embeddable":true,"href":"https:\/\/www.re-elektroshop.at\/index.php?rest_route=\/wp\/v2\/media\/38023"}],"wp:attachment":[{"href":"https:\/\/www.re-elektroshop.at\/index.php?rest_route=%2Fwp%2Fv2%2Fmedia&parent=38024"}],"curies":[{"name":"wp","href":"https:\/\/api.w.org\/{rel}","templated":true}]}}