{"id":38788,"date":"2021-03-02T16:08:42","date_gmt":"2021-03-02T15:08:42","guid":{"rendered":"http:\/\/www.re-elektroshop.at\/?product=befestigungsclip-fuer-stromwandler-und-groesse-00-100mm-system"},"modified":"2021-03-02T16:08:42","modified_gmt":"2021-03-02T15:08:42","slug":"befestigungsclip-fuer-stromwandler-und-groesse-00-100mm-system","status":"publish","type":"product","link":"https:\/\/www.re-elektroshop.at\/?product=befestigungsclip-fuer-stromwandler-und-groesse-00-100mm-system","title":{"rendered":"Befestigungsclip f\u00fcr Stromwandler und Gr\u00f6\u00dfe 00, 100mm System"},"content":{"rendered":"","protected":false},"excerpt":{"rendered":"<p>1<\/p>\n","protected":false},"featured_media":38787,"comment_status":"open","ping_status":"closed","template":"","meta":[],"_links":{"self":[{"href":"https:\/\/www.re-elektroshop.at\/index.php?rest_route=\/wp\/v2\/product\/38788"}],"collection":[{"href":"https:\/\/www.re-elektroshop.at\/index.php?rest_route=\/wp\/v2\/product"}],"about":[{"href":"https:\/\/www.re-elektroshop.at\/index.php?rest_route=\/wp\/v2\/types\/product"}],"replies":[{"embeddable":true,"href":"https:\/\/www.re-elektroshop.at\/index.php?rest_route=%2Fwp%2Fv2%2Fcomments&post=38788"}],"wp:featuredmedia":[{"embeddable":true,"href":"https:\/\/www.re-elektroshop.at\/index.php?rest_route=\/wp\/v2\/media\/38787"}],"wp:attachment":[{"href":"https:\/\/www.re-elektroshop.at\/index.php?rest_route=%2Fwp%2Fv2%2Fmedia&parent=38788"}],"curies":[{"name":"wp","href":"https:\/\/api.w.org\/{rel}","templated":true}]}}