{"id":38914,"date":"2021-03-02T16:10:14","date_gmt":"2021-03-02T15:10:14","guid":{"rendered":"http:\/\/www.re-elektroshop.at\/?product=nh-trenner-groesse-2-mit-elektronischer-sicherungsueberwachung"},"modified":"2021-03-02T16:10:14","modified_gmt":"2021-03-02T15:10:14","slug":"nh-trenner-groesse-2-mit-elektronischer-sicherungsueberwachung","status":"publish","type":"product","link":"https:\/\/www.re-elektroshop.at\/?product=nh-trenner-groesse-2-mit-elektronischer-sicherungsueberwachung","title":{"rendered":"NH-Trenner Gr\u00f6\u00dfe 2 mit elektronischer Sicherungs\u00fcberwachung"},"content":{"rendered":"","protected":false},"excerpt":{"rendered":"<p>1<\/p>\n","protected":false},"featured_media":38913,"comment_status":"open","ping_status":"closed","template":"","meta":[],"_links":{"self":[{"href":"https:\/\/www.re-elektroshop.at\/index.php?rest_route=\/wp\/v2\/product\/38914"}],"collection":[{"href":"https:\/\/www.re-elektroshop.at\/index.php?rest_route=\/wp\/v2\/product"}],"about":[{"href":"https:\/\/www.re-elektroshop.at\/index.php?rest_route=\/wp\/v2\/types\/product"}],"replies":[{"embeddable":true,"href":"https:\/\/www.re-elektroshop.at\/index.php?rest_route=%2Fwp%2Fv2%2Fcomments&post=38914"}],"wp:featuredmedia":[{"embeddable":true,"href":"https:\/\/www.re-elektroshop.at\/index.php?rest_route=\/wp\/v2\/media\/38913"}],"wp:attachment":[{"href":"https:\/\/www.re-elektroshop.at\/index.php?rest_route=%2Fwp%2Fv2%2Fmedia&parent=38914"}],"curies":[{"name":"wp","href":"https:\/\/api.w.org\/{rel}","templated":true}]}}