{"id":40003,"date":"2021-03-02T16:25:09","date_gmt":"2021-03-02T15:25:09","guid":{"rendered":"http:\/\/www.re-elektroshop.at\/?product=glenos-endkappen-profi-wandtraegerprofil-mattweiss2-stueck"},"modified":"2021-03-02T16:25:09","modified_gmt":"2021-03-02T15:25:09","slug":"glenos-endkappen-profi-wandtraegerprofil-mattweiss2-stueck","status":"publish","type":"product","link":"https:\/\/www.re-elektroshop.at\/?product=glenos-endkappen-profi-wandtraegerprofil-mattweiss2-stueck","title":{"rendered":"GLENOS Endkappen Profi-Wandtr\u00e4gerprofil, mattwei\u00df,2 St\u00fcck"},"content":{"rendered":"","protected":false},"excerpt":{"rendered":"<p>1<\/p>\n","protected":false},"featured_media":40002,"comment_status":"open","ping_status":"closed","template":"","meta":[],"_links":{"self":[{"href":"https:\/\/www.re-elektroshop.at\/index.php?rest_route=\/wp\/v2\/product\/40003"}],"collection":[{"href":"https:\/\/www.re-elektroshop.at\/index.php?rest_route=\/wp\/v2\/product"}],"about":[{"href":"https:\/\/www.re-elektroshop.at\/index.php?rest_route=\/wp\/v2\/types\/product"}],"replies":[{"embeddable":true,"href":"https:\/\/www.re-elektroshop.at\/index.php?rest_route=%2Fwp%2Fv2%2Fcomments&post=40003"}],"wp:featuredmedia":[{"embeddable":true,"href":"https:\/\/www.re-elektroshop.at\/index.php?rest_route=\/wp\/v2\/media\/40002"}],"wp:attachment":[{"href":"https:\/\/www.re-elektroshop.at\/index.php?rest_route=%2Fwp%2Fv2%2Fmedia&parent=40003"}],"curies":[{"name":"wp","href":"https:\/\/api.w.org\/{rel}","templated":true}]}}