{"id":40302,"date":"2021-03-02T16:28:07","date_gmt":"2021-03-02T15:28:07","guid":{"rendered":"http:\/\/www.re-elektroshop.at\/?product=fitu-cable-hookweissdistanzabhaenger-fuer-pendelleuchten"},"modified":"2021-03-02T16:28:07","modified_gmt":"2021-03-02T15:28:07","slug":"fitu-cable-hookweissdistanzabhaenger-fuer-pendelleuchten","status":"publish","type":"product","link":"https:\/\/www.re-elektroshop.at\/?product=fitu-cable-hookweissdistanzabhaenger-fuer-pendelleuchten","title":{"rendered":"FITU Cable Hook,wei\u00df,Distanzabh\u00e4nger f\u00fcr Pendelleuchten"},"content":{"rendered":"","protected":false},"excerpt":{"rendered":"<p>1<\/p>\n","protected":false},"featured_media":40301,"comment_status":"open","ping_status":"closed","template":"","meta":[],"_links":{"self":[{"href":"https:\/\/www.re-elektroshop.at\/index.php?rest_route=\/wp\/v2\/product\/40302"}],"collection":[{"href":"https:\/\/www.re-elektroshop.at\/index.php?rest_route=\/wp\/v2\/product"}],"about":[{"href":"https:\/\/www.re-elektroshop.at\/index.php?rest_route=\/wp\/v2\/types\/product"}],"replies":[{"embeddable":true,"href":"https:\/\/www.re-elektroshop.at\/index.php?rest_route=%2Fwp%2Fv2%2Fcomments&post=40302"}],"wp:featuredmedia":[{"embeddable":true,"href":"https:\/\/www.re-elektroshop.at\/index.php?rest_route=\/wp\/v2\/media\/40301"}],"wp:attachment":[{"href":"https:\/\/www.re-elektroshop.at\/index.php?rest_route=%2Fwp%2Fv2%2Fmedia&parent=40302"}],"curies":[{"name":"wp","href":"https:\/\/api.w.org\/{rel}","templated":true}]}}