{"id":40763,"date":"2021-03-02T16:46:48","date_gmt":"2021-03-02T15:46:48","guid":{"rendered":"http:\/\/www.re-elektroshop.at\/?product=glenos-endkappe-fuer-industrial-profil-dome-mattweiss2-stueck"},"modified":"2021-03-02T16:46:48","modified_gmt":"2021-03-02T15:46:48","slug":"glenos-endkappe-fuer-industrial-profil-dome-mattweiss2-stueck","status":"publish","type":"product","link":"https:\/\/www.re-elektroshop.at\/?product=glenos-endkappe-fuer-industrial-profil-dome-mattweiss2-stueck","title":{"rendered":"GLENOS Endkappe f\u00fcr Industrial Profil Dome, mattwei\u00df,2 St\u00fcck"},"content":{"rendered":"","protected":false},"excerpt":{"rendered":"<p>1<\/p>\n","protected":false},"featured_media":40762,"comment_status":"open","ping_status":"closed","template":"","meta":[],"_links":{"self":[{"href":"https:\/\/www.re-elektroshop.at\/index.php?rest_route=\/wp\/v2\/product\/40763"}],"collection":[{"href":"https:\/\/www.re-elektroshop.at\/index.php?rest_route=\/wp\/v2\/product"}],"about":[{"href":"https:\/\/www.re-elektroshop.at\/index.php?rest_route=\/wp\/v2\/types\/product"}],"replies":[{"embeddable":true,"href":"https:\/\/www.re-elektroshop.at\/index.php?rest_route=%2Fwp%2Fv2%2Fcomments&post=40763"}],"wp:featuredmedia":[{"embeddable":true,"href":"https:\/\/www.re-elektroshop.at\/index.php?rest_route=\/wp\/v2\/media\/40762"}],"wp:attachment":[{"href":"https:\/\/www.re-elektroshop.at\/index.php?rest_route=%2Fwp%2Fv2%2Fmedia&parent=40763"}],"curies":[{"name":"wp","href":"https:\/\/api.w.org\/{rel}","templated":true}]}}