{"id":40864,"date":"2021-03-02T16:47:53","date_gmt":"2021-03-02T15:47:53","guid":{"rendered":"http:\/\/www.re-elektroshop.at\/?product=nh-trenner-60mm-system-groesse-2-anschluss-m10-400a"},"modified":"2021-03-02T16:47:53","modified_gmt":"2021-03-02T15:47:53","slug":"nh-trenner-60mm-system-groesse-2-anschluss-m10-400a","status":"publish","type":"product","link":"https:\/\/www.re-elektroshop.at\/?product=nh-trenner-60mm-system-groesse-2-anschluss-m10-400a","title":{"rendered":"NH-Trenner, 60mm System, Gr\u00f6\u00dfe 2, Anschlu\u00df M10, 400A"},"content":{"rendered":"","protected":false},"excerpt":{"rendered":"<p>1<\/p>\n","protected":false},"featured_media":40863,"comment_status":"open","ping_status":"closed","template":"","meta":[],"_links":{"self":[{"href":"https:\/\/www.re-elektroshop.at\/index.php?rest_route=\/wp\/v2\/product\/40864"}],"collection":[{"href":"https:\/\/www.re-elektroshop.at\/index.php?rest_route=\/wp\/v2\/product"}],"about":[{"href":"https:\/\/www.re-elektroshop.at\/index.php?rest_route=\/wp\/v2\/types\/product"}],"replies":[{"embeddable":true,"href":"https:\/\/www.re-elektroshop.at\/index.php?rest_route=%2Fwp%2Fv2%2Fcomments&post=40864"}],"wp:featuredmedia":[{"embeddable":true,"href":"https:\/\/www.re-elektroshop.at\/index.php?rest_route=\/wp\/v2\/media\/40863"}],"wp:attachment":[{"href":"https:\/\/www.re-elektroshop.at\/index.php?rest_route=%2Fwp%2Fv2%2Fmedia&parent=40864"}],"curies":[{"name":"wp","href":"https:\/\/api.w.org\/{rel}","templated":true}]}}